{"id":20,"date":"2018-10-08T11:34:42","date_gmt":"2018-10-08T11:34:42","guid":{"rendered":"https:\/\/2022.kseroplast.pl\/?page_id=20"},"modified":"2024-03-27T15:06:19","modified_gmt":"2024-03-27T14:06:19","slug":"about","status":"publish","type":"page","link":"https:\/\/kseroplast.pl\/it\/about\/","title":{"rendered":"Chi siamo"},"content":{"rendered":"<div data-elementor-type=\"wp-post\" data-elementor-id=\"20\" class=\"elementor elementor-20\">\n\t\t\t\t\t\t<section class=\"elementor-section elementor-top-section elementor-element elementor-element-514b933 elementor-section-stretched elementor-section-boxed elementor-section-height-default elementor-section-height-default\" data-id=\"514b933\" data-element_type=\"section\" data-settings=\"{&quot;stretch_section&quot;:&quot;section-stretched&quot;,&quot;background_background&quot;:&quot;classic&quot;}\">\n\t\t\t\t\t\t\t<div class=\"elementor-background-overlay\"><\/div>\n\t\t\t\t\t\t\t<div class=\"elementor-container elementor-column-gap-default\">\n\t\t\t\t\t<div class=\"elementor-column elementor-col-100 elementor-top-column elementor-element elementor-element-57734dc8\" data-id=\"57734dc8\" data-element_type=\"column\">\n\t\t\t<div class=\"elementor-widget-wrap elementor-element-populated\">\n\t\t\t\t\t\t<div class=\"elementor-element elementor-element-f96a96e elementor-widget elementor-widget-spacer\" data-id=\"f96a96e\" data-element_type=\"widget\" data-widget_type=\"spacer.default\">\n\t\t\t\t<div class=\"elementor-widget-container\">\n\t\t\t\t\t\t\t<div class=\"elementor-spacer\">\n\t\t\t<div class=\"elementor-spacer-inner\"><\/div>\n\t\t<\/div>\n\t\t\t\t\t\t<\/div>\n\t\t\t\t<\/div>\n\t\t\t\t<div class=\"elementor-element elementor-element-4c7114fb elementor-widget elementor-widget-heading\" data-id=\"4c7114fb\" data-element_type=\"widget\" data-widget_type=\"heading.default\">\n\t\t\t\t<div class=\"elementor-widget-container\">\n\t\t\t\t\t<h2 class=\"elementor-heading-title elementor-size-default\">KSEROPLAST PLUS VANTA OLTRE 30 ANNI DI ESPERIENZA NELLA RISOLUZIONE DEI PROBLEMI,\n\nCHE I NOSTRI CLIENTI CI HANNO SOTTOPOSTO. <\/h2>\t\t\t\t<\/div>\n\t\t\t\t<\/div>\n\t\t\t\t<section class=\"elementor-section elementor-inner-section elementor-element elementor-element-2870dbd4 elementor-section-boxed elementor-section-height-default elementor-section-height-default\" data-id=\"2870dbd4\" data-element_type=\"section\">\n\t\t\t\t\t\t<div class=\"elementor-container elementor-column-gap-default\">\n\t\t\t\t\t<div class=\"elementor-column elementor-col-100 elementor-inner-column elementor-element elementor-element-6bef3bef\" data-id=\"6bef3bef\" data-element_type=\"column\">\n\t\t\t<div class=\"elementor-widget-wrap elementor-element-populated\">\n\t\t\t\t\t\t<div class=\"elementor-element elementor-element-698166be elementor-widget elementor-widget-text-editor\" data-id=\"698166be\" data-element_type=\"widget\" data-widget_type=\"text-editor.default\">\n\t\t\t\t<div class=\"elementor-widget-container\">\n\t\t\t\t\t\t\t\t\t<p>\u00c8 un percorso di successo: i grandi e i piccoli hanno la stessa importanza per noi.<\/p>\t\t\t\t\t\t\t\t<\/div>\n\t\t\t\t<\/div>\n\t\t\t\t\t<\/div>\n\t\t<\/div>\n\t\t\t\t\t<\/div>\n\t\t<\/section>\n\t\t\t\t<div class=\"elementor-element elementor-element-5deda139 elementor-widget elementor-widget-spacer\" data-id=\"5deda139\" data-element_type=\"widget\" data-widget_type=\"spacer.default\">\n\t\t\t\t<div class=\"elementor-widget-container\">\n\t\t\t\t\t\t\t<div class=\"elementor-spacer\">\n\t\t\t<div class=\"elementor-spacer-inner\"><\/div>\n\t\t<\/div>\n\t\t\t\t\t\t<\/div>\n\t\t\t\t<\/div>\n\t\t\t\t\t<\/div>\n\t\t<\/div>\n\t\t\t\t\t<\/div>\n\t\t<\/section>\n\t\t\t\t<section class=\"elementor-section elementor-top-section elementor-element elementor-element-6257b3c8 elementor-section-boxed elementor-section-height-default elementor-section-height-default\" data-id=\"6257b3c8\" data-element_type=\"section\" data-settings=\"{&quot;background_background&quot;:&quot;classic&quot;}\">\n\t\t\t\t\t\t<div class=\"elementor-container elementor-column-gap-default\">\n\t\t\t\t\t<div class=\"elementor-column elementor-col-100 elementor-top-column elementor-element elementor-element-73c37147\" data-id=\"73c37147\" data-element_type=\"column\">\n\t\t\t<div class=\"elementor-widget-wrap elementor-element-populated\">\n\t\t\t\t\t\t<div class=\"elementor-element elementor-element-2a8a1f46 elementor-view-default elementor-widget elementor-widget-icon\" data-id=\"2a8a1f46\" data-element_type=\"widget\" data-widget_type=\"icon.default\">\n\t\t\t\t<div class=\"elementor-widget-container\">\n\t\t\t\t\t\t\t<div class=\"elementor-icon-wrapper\">\n\t\t\t<div class=\"elementor-icon\">\n\t\t\t\t\t\t\t<i class=\"fa fa-long-arrow-down\" aria-hidden=\"true\"><\/i>\n\t\t\t\t\t\t<\/div>\n\t\t<\/div>\n\t\t\t\t\t\t<\/div>\n\t\t\t\t<\/div>\n\t\t\t\t\t<\/div>\n\t\t<\/div>\n\t\t\t\t\t<\/div>\n\t\t<\/section>\n\t\t\t\t<section class=\"elementor-section elementor-top-section elementor-element elementor-element-19cc8e22 elementor-section-boxed elementor-section-height-default elementor-section-height-default\" data-id=\"19cc8e22\" data-element_type=\"section\" data-settings=\"{&quot;background_background&quot;:&quot;classic&quot;}\">\n\t\t\t\t\t\t<div class=\"elementor-container elementor-column-gap-default\">\n\t\t\t\t\t<div class=\"elementor-column elementor-col-100 elementor-top-column elementor-element elementor-element-1ddfabba\" data-id=\"1ddfabba\" data-element_type=\"column\">\n\t\t\t<div class=\"elementor-widget-wrap elementor-element-populated\">\n\t\t\t\t\t\t<div class=\"elementor-element elementor-element-1735321 elementor-widget elementor-widget-text-editor\" data-id=\"1735321\" data-element_type=\"widget\" data-widget_type=\"text-editor.default\">\n\t\t\t\t<div class=\"elementor-widget-container\">\n\t\t\t\t\t\t\t\t\t<p>Questo conferma che abbiamo scelto il giusto percorso di sviluppo. Ogni compito che abbiamo intrapreso \u00e8 sempre stato una sfida da affrontare. La soddisfazione e i molti anni di collaborazione con gli stessi clienti ci danno una soddisfazione che altre aziende possono solo sognare. Nel mondo frenetico di oggi, migliaia di informazioni e immagini passano per le nostre mani, lavorate da specialisti che rimangono sempre nell'ombra. Alla fine della giornata, il cliente potrebbe anche non rendersi conto di quante persone hanno lavorato al progetto che ha tra le mani e di quanto tempo ci \u00e8 voluto per completarlo. Si aspetta semplicemente un prodotto finale perfetto. \u00c8 cos\u00ec che operiamo noi. Da oltre trent'anni diamo forma alla realt\u00e0. Il nostro team di professionisti realizza in modo completo i progetti che ci vengono affidati, utilizzando macchinari moderni per garantire prodotti di alta qualit\u00e0.<\/p><p>Ora vogliamo lavorare anche per voi...<\/p>\t\t\t\t\t\t\t\t<\/div>\n\t\t\t\t<\/div>\n\t\t\t\t\t<\/div>\n\t\t<\/div>\n\t\t\t\t\t<\/div>\n\t\t<\/section>\n\t\t\t\t<section class=\"elementor-section elementor-top-section elementor-element elementor-element-16639b91 elementor-section-content-middle elementor-section-boxed elementor-section-height-default elementor-section-height-default\" data-id=\"16639b91\" data-element_type=\"section\">\n\t\t\t\t\t\t<div class=\"elementor-container elementor-column-gap-no\">\n\t\t\t\t\t<div class=\"elementor-column elementor-col-50 elementor-top-column elementor-element elementor-element-2beaafef\" data-id=\"2beaafef\" data-element_type=\"column\">\n\t\t\t<div class=\"elementor-widget-wrap elementor-element-populated\">\n\t\t\t\t\t\t<div class=\"elementor-element elementor-element-2d0ea4e0 elementor-widget elementor-widget-image\" data-id=\"2d0ea4e0\" data-element_type=\"widget\" data-widget_type=\"image.default\">\n\t\t\t\t<div class=\"elementor-widget-container\">\n\t\t\t\t\t\t\t\t\t\t\t\t\t\t\t\t<a href=\"https:\/\/kseroplast.pl\/wp-content\/uploads\/2024\/02\/Mapa.jpg\" data-elementor-open-lightbox=\"yes\" data-elementor-lightbox-title=\"Mapa\" data-e-action-hash=\"#elementor-action%3Aaction%3Dlightbox%26settings%3DeyJpZCI6MTI4NzMsInVybCI6Imh0dHBzOlwvXC9rc2Vyb3BsYXN0LnBsXC93cC1jb250ZW50XC91cGxvYWRzXC8yMDI0XC8wMlwvTWFwYS5qcGcifQ%3D%3D\">\n\t\t\t\t\t\t\t<img fetchpriority=\"high\" decoding=\"async\" width=\"1920\" height=\"1080\" src=\"https:\/\/kseroplast.pl\/wp-content\/uploads\/2024\/02\/Mapa.jpg\" class=\"elementor-animation-grow attachment-full size-full wp-image-12873\" alt=\"\" srcset=\"https:\/\/kseroplast.pl\/wp-content\/uploads\/2024\/02\/Mapa.jpg 1920w, https:\/\/kseroplast.pl\/wp-content\/uploads\/2024\/02\/Mapa-300x169.jpg 300w, https:\/\/kseroplast.pl\/wp-content\/uploads\/2024\/02\/Mapa-1024x576.jpg 1024w, https:\/\/kseroplast.pl\/wp-content\/uploads\/2024\/02\/Mapa-768x432.jpg 768w, https:\/\/kseroplast.pl\/wp-content\/uploads\/2024\/02\/Mapa-1536x864.jpg 1536w, https:\/\/kseroplast.pl\/wp-content\/uploads\/2024\/02\/Mapa-18x10.jpg 18w\" sizes=\"(max-width: 1920px) 100vw, 1920px\" \/>\t\t\t\t\t\t\t\t<\/a>\n\t\t\t\t\t\t\t\t\t\t\t\t\t\t\t<\/div>\n\t\t\t\t<\/div>\n\t\t\t\t\t<\/div>\n\t\t<\/div>\n\t\t\t\t<div class=\"elementor-column elementor-col-50 elementor-top-column elementor-element elementor-element-bb9ed00\" data-id=\"bb9ed00\" data-element_type=\"column\">\n\t\t\t<div class=\"elementor-widget-wrap elementor-element-populated\">\n\t\t\t\t\t\t<div class=\"elementor-element elementor-element-579d897b elementor-widget elementor-widget-heading\" data-id=\"579d897b\" data-element_type=\"widget\" data-widget_type=\"heading.default\">\n\t\t\t\t<div class=\"elementor-widget-container\">\n\t\t\t\t\t<h4 class=\"elementor-heading-title elementor-size-default\">Le attivit\u00e0 e le filiali<\/h4>\t\t\t\t<\/div>\n\t\t\t\t<\/div>\n\t\t\t\t<div class=\"elementor-element elementor-element-377f4769 elementor-widget elementor-widget-text-editor\" data-id=\"377f4769\" data-element_type=\"widget\" data-widget_type=\"text-editor.default\">\n\t\t\t\t<div class=\"elementor-widget-container\">\n\t\t\t\t\t\t\t\t\t<ul><li>Kseroplast PLUS - POLONIA<\/li><li>Kseroplast PLUS RO SRL - ROMANIA<\/li><li>Kseroplast Plus Espa\u00f1a SL - SPAGNA<\/li><li>Kseroplast Plus d.o.o. - BOSNIA ED ERZEGOVINA<\/li><li>Kseroplast Plus d.o.o. - SERBIA<\/li><\/ul>\t\t\t\t\t\t\t\t<\/div>\n\t\t\t\t<\/div>\n\t\t\t\t\t<\/div>\n\t\t<\/div>\n\t\t\t\t\t<\/div>\n\t\t<\/section>\n\t\t\t\t<\/div>","protected":false},"excerpt":{"rendered":"<p>XEROPLAST PLUS VANTA OLTRE 30 ANNI DI ESPERIENZA NELLA RISOLUZIONE DI...<\/p>\n<p> <a class=\"more-link\" href=\"https:\/\/kseroplast.pl\/it\/about\/\">Leggi tutto<\/a><\/p>","protected":false},"author":1,"featured_media":0,"parent":0,"menu_order":0,"comment_status":"closed","ping_status":"closed","template":"","meta":{"footnotes":""},"class_list":["post-20","page","type-page","status-publish"],"_links":{"self":[{"href":"https:\/\/kseroplast.pl\/it\/wp-json\/wp\/v2\/pages\/20","targetHints":{"allow":["GET"]}}],"collection":[{"href":"https:\/\/kseroplast.pl\/it\/wp-json\/wp\/v2\/pages"}],"about":[{"href":"https:\/\/kseroplast.pl\/it\/wp-json\/wp\/v2\/types\/page"}],"author":[{"embeddable":true,"href":"https:\/\/kseroplast.pl\/it\/wp-json\/wp\/v2\/users\/1"}],"replies":[{"embeddable":true,"href":"https:\/\/kseroplast.pl\/it\/wp-json\/wp\/v2\/comments?post=20"}],"version-history":[{"count":40,"href":"https:\/\/kseroplast.pl\/it\/wp-json\/wp\/v2\/pages\/20\/revisions"}],"predecessor-version":[{"id":13842,"href":"https:\/\/kseroplast.pl\/it\/wp-json\/wp\/v2\/pages\/20\/revisions\/13842"}],"wp:attachment":[{"href":"https:\/\/kseroplast.pl\/it\/wp-json\/wp\/v2\/media?parent=20"}],"curies":[{"name":"wp","href":"https:\/\/api.w.org\/{rel}","templated":true}]}}