{"id":13672,"date":"2024-02-29T15:50:51","date_gmt":"2024-02-29T14:50:51","guid":{"rendered":"https:\/\/kseroplast.pl\/?page_id=13672"},"modified":"2024-03-04T10:05:08","modified_gmt":"2024-03-04T09:05:08","slug":"reklamy-drukowane-2","status":"publish","type":"page","link":"https:\/\/kseroplast.pl\/it\/reklamy-drukowane-2\/","title":{"rendered":"Pubblicit\u00e0 su carta stampata"},"content":{"rendered":"<div data-elementor-type=\"wp-page\" data-elementor-id=\"13672\" class=\"elementor elementor-13672\">\n\t\t\t\t\t\t<section class=\"elementor-section elementor-top-section elementor-element elementor-element-1752f0b7 elementor-section-height-min-height elementor-section-items-bottom elementor-section-stretched elementor-section-boxed elementor-section-height-default\" data-id=\"1752f0b7\" data-element_type=\"section\" data-settings=\"{&quot;background_background&quot;:&quot;classic&quot;,&quot;stretch_section&quot;:&quot;section-stretched&quot;,&quot;shape_divider_bottom&quot;:&quot;triangle&quot;,&quot;shape_divider_bottom_negative&quot;:&quot;yes&quot;}\">\n\t\t\t\t\t\t\t<div class=\"elementor-background-overlay\"><\/div>\n\t\t\t\t\t\t<div class=\"elementor-shape elementor-shape-bottom\" aria-hidden=\"true\" data-negative=\"true\">\n\t\t\t<svg xmlns=\"http:\/\/www.w3.org\/2000\/svg\" viewbox=\"0 0 1000 100\" preserveaspectratio=\"none\">\n\t<path class=\"elementor-shape-fill\" d=\"M500.2,94.7L0,0v100h1000V0L500.2,94.7z\"\/>\n<\/svg>\t\t<\/div>\n\t\t\t\t\t<div class=\"elementor-container elementor-column-gap-no\">\n\t\t\t\t\t<div class=\"elementor-column elementor-col-100 elementor-top-column elementor-element elementor-element-3691e970\" data-id=\"3691e970\" data-element_type=\"column\">\n\t\t\t<div class=\"elementor-widget-wrap elementor-element-populated\">\n\t\t\t\t\t\t<div class=\"elementor-element elementor-element-64407502 elementor-widget elementor-widget-text-editor\" data-id=\"64407502\" data-element_type=\"widget\" data-widget_type=\"text-editor.default\">\n\t\t\t\t<div class=\"elementor-widget-container\">\n\t\t\t\t\t\t\t\t\t<p>Pubblicit\u00e0 su carta stampata<\/p>\t\t\t\t\t\t\t\t<\/div>\n\t\t\t\t<\/div>\n\t\t\t\t\t<\/div>\n\t\t<\/div>\n\t\t\t\t\t<\/div>\n\t\t<\/section>\n\t\t\t\t<section class=\"elementor-section elementor-top-section elementor-element elementor-element-188cc5b1 elementor-section-content-middle elementor-section-full_width elementor-reverse-mobile elementor-reverse-tablet elementor-section-height-default elementor-section-height-default\" data-id=\"188cc5b1\" data-element_type=\"section\" data-settings=\"{&quot;background_background&quot;:&quot;classic&quot;}\">\n\t\t\t\t\t\t<div class=\"elementor-container elementor-column-gap-no\">\n\t\t\t\t\t<div class=\"elementor-column elementor-col-50 elementor-top-column elementor-element elementor-element-292e72c1\" data-id=\"292e72c1\" data-element_type=\"column\">\n\t\t\t<div class=\"elementor-widget-wrap elementor-element-populated\">\n\t\t\t\t\t\t<div class=\"elementor-element elementor-element-8a7330f elementor-widget elementor-widget-image\" data-id=\"8a7330f\" data-element_type=\"widget\" data-widget_type=\"image.default\">\n\t\t\t\t<div class=\"elementor-widget-container\">\n\t\t\t\t\t\t\t\t\t\t\t\t\t\t\t<img fetchpriority=\"high\" decoding=\"async\" width=\"800\" height=\"640\" src=\"https:\/\/kseroplast.pl\/wp-content\/uploads\/2024\/02\/01-7.jpg\" class=\"attachment-large size-large wp-image-13151\" alt=\"\" srcset=\"https:\/\/kseroplast.pl\/wp-content\/uploads\/2024\/02\/01-7.jpg 1000w, https:\/\/kseroplast.pl\/wp-content\/uploads\/2024\/02\/01-7-300x240.jpg 300w, https:\/\/kseroplast.pl\/wp-content\/uploads\/2024\/02\/01-7-768x614.jpg 768w, https:\/\/kseroplast.pl\/wp-content\/uploads\/2024\/02\/01-7-15x12.jpg 15w\" sizes=\"(max-width: 800px) 100vw, 800px\" \/>\t\t\t\t\t\t\t\t\t\t\t\t\t\t\t<\/div>\n\t\t\t\t<\/div>\n\t\t\t\t\t<\/div>\n\t\t<\/div>\n\t\t\t\t<div class=\"elementor-column elementor-col-50 elementor-top-column elementor-element elementor-element-a201bb\" data-id=\"a201bb\" data-element_type=\"column\">\n\t\t\t<div class=\"elementor-widget-wrap elementor-element-populated\">\n\t\t\t\t\t\t<div class=\"elementor-element elementor-element-5d5f8bf1 elementor-widget__width-initial elementor-widget elementor-widget-text-editor\" data-id=\"5d5f8bf1\" data-element_type=\"widget\" data-widget_type=\"text-editor.default\">\n\t\t\t\t<div class=\"elementor-widget-container\">\n\t\t\t\t\t\t\t\t\t<p class=\"translation-block\"><strong>La stampa UV in piano <\/strong><span style=\"color: var( --e-global-color-text )\">\u00e8 una tecnologia di stampa digitale, <br>in cui gli inchiostri UV vengono polimerizzati utilizzando la luce ultravioletta. Questo metodo consente agli inchiostri di polimerizzare immediatamente sulla superficie del materiale, eliminando la necessit\u00e0 di attendere l'asciugatura. La stampa UV consente di stampare su un'ampia variet\u00e0 di materiali. I suoi vantaggi includono l'alta qualit\u00e0 di stampa, la resistenza ai graffi e ai raggi UV e la possibilit\u00e0 di stampare su superfici non standard. Inoltre, gli inchiostri UV non contengono composti organici volatili, il che li rende pi\u00f9 rispettosi dell'ambiente. La stampa UV \u00e8 spesso utilizzata nel settore pubblicitario per banner, insegne, adesivi.<\/span>.<\/p>\t\t\t\t\t\t\t\t<\/div>\n\t\t\t\t<\/div>\n\t\t\t\t\t<\/div>\n\t\t<\/div>\n\t\t\t\t\t<\/div>\n\t\t<\/section>\n\t\t\t\t<section class=\"elementor-section elementor-top-section elementor-element elementor-element-669d5307 elementor-section-content-middle elementor-section-full_width elementor-section-height-default elementor-section-height-default\" data-id=\"669d5307\" data-element_type=\"section\" data-settings=\"{&quot;background_background&quot;:&quot;classic&quot;}\">\n\t\t\t\t\t\t<div class=\"elementor-container elementor-column-gap-no\">\n\t\t\t\t\t<div class=\"elementor-column elementor-col-50 elementor-top-column elementor-element elementor-element-5b59d20e\" data-id=\"5b59d20e\" data-element_type=\"column\">\n\t\t\t<div class=\"elementor-widget-wrap elementor-element-populated\">\n\t\t\t\t\t\t<div class=\"elementor-element elementor-element-161cb904 elementor-widget__width-initial elementor-widget elementor-widget-text-editor\" data-id=\"161cb904\" data-element_type=\"widget\" data-widget_type=\"text-editor.default\">\n\t\t\t\t<div class=\"elementor-widget-container\">\n\t\t\t\t\t\t\t\t\t<p class=\"translation-block\"><b>La stampa su pellicola<br><\/b><span style=\"color: var( --e-global-color-text )\">offre un'eccezionale durata e resistenza agli agenti atmosferici, che la rendono la soluzione perfetta per le applicazioni pubblicitarie in esterno. Grazie alla tecnologia UV, questo tipo di stampa produce immagini di alta qualit\u00e0 <br>con colori nitidi e dettagli, che sono estremamente importanti per la pubblicit\u00e0 e l'identit\u00e0 aziendale. Inoltre, la stampa UV su pellicole autoadesive consente di utilizzare vari effetti speciali, come la verniciatura UV, che aumenta ulteriormente l'attrattiva del prodotto finale.<\/span>.<\/p>\t\t\t\t\t\t\t\t<\/div>\n\t\t\t\t<\/div>\n\t\t\t\t\t<\/div>\n\t\t<\/div>\n\t\t\t\t<div class=\"elementor-column elementor-col-50 elementor-top-column elementor-element elementor-element-44f997f9\" data-id=\"44f997f9\" data-element_type=\"column\">\n\t\t\t<div class=\"elementor-widget-wrap elementor-element-populated\">\n\t\t\t\t\t\t<div class=\"elementor-element elementor-element-5ce68e9a elementor-widget elementor-widget-image\" data-id=\"5ce68e9a\" data-element_type=\"widget\" data-widget_type=\"image.default\">\n\t\t\t\t<div class=\"elementor-widget-container\">\n\t\t\t\t\t\t\t\t\t\t\t\t\t\t\t<img decoding=\"async\" width=\"800\" height=\"640\" src=\"https:\/\/kseroplast.pl\/wp-content\/uploads\/2024\/02\/02-3.jpg\" class=\"attachment-large size-large wp-image-13024\" alt=\"\" srcset=\"https:\/\/kseroplast.pl\/wp-content\/uploads\/2024\/02\/02-3.jpg 1000w, https:\/\/kseroplast.pl\/wp-content\/uploads\/2024\/02\/02-3-300x240.jpg 300w, https:\/\/kseroplast.pl\/wp-content\/uploads\/2024\/02\/02-3-768x614.jpg 768w, https:\/\/kseroplast.pl\/wp-content\/uploads\/2024\/02\/02-3-15x12.jpg 15w\" sizes=\"(max-width: 800px) 100vw, 800px\" \/>\t\t\t\t\t\t\t\t\t\t\t\t\t\t\t<\/div>\n\t\t\t\t<\/div>\n\t\t\t\t\t<\/div>\n\t\t<\/div>\n\t\t\t\t\t<\/div>\n\t\t<\/section>\n\t\t\t\t<section class=\"elementor-section elementor-top-section elementor-element elementor-element-1ac672c0 elementor-section-content-middle elementor-section-full_width elementor-reverse-mobile elementor-section-height-default elementor-section-height-default\" data-id=\"1ac672c0\" data-element_type=\"section\" data-settings=\"{&quot;background_background&quot;:&quot;classic&quot;}\">\n\t\t\t\t\t\t<div class=\"elementor-container elementor-column-gap-no\">\n\t\t\t\t\t<div class=\"elementor-column elementor-col-50 elementor-top-column elementor-element elementor-element-6c5127e4\" data-id=\"6c5127e4\" data-element_type=\"column\">\n\t\t\t<div class=\"elementor-widget-wrap elementor-element-populated\">\n\t\t\t\t\t\t<div class=\"elementor-element elementor-element-103abc9c elementor-widget elementor-widget-image\" data-id=\"103abc9c\" data-element_type=\"widget\" data-widget_type=\"image.default\">\n\t\t\t\t<div class=\"elementor-widget-container\">\n\t\t\t\t\t\t\t\t\t\t\t\t\t\t\t<img decoding=\"async\" width=\"800\" height=\"640\" src=\"https:\/\/kseroplast.pl\/wp-content\/uploads\/2024\/02\/03-3.jpg\" class=\"attachment-large size-large wp-image-13025\" alt=\"\" srcset=\"https:\/\/kseroplast.pl\/wp-content\/uploads\/2024\/02\/03-3.jpg 1000w, https:\/\/kseroplast.pl\/wp-content\/uploads\/2024\/02\/03-3-300x240.jpg 300w, https:\/\/kseroplast.pl\/wp-content\/uploads\/2024\/02\/03-3-768x614.jpg 768w, https:\/\/kseroplast.pl\/wp-content\/uploads\/2024\/02\/03-3-15x12.jpg 15w\" sizes=\"(max-width: 800px) 100vw, 800px\" \/>\t\t\t\t\t\t\t\t\t\t\t\t\t\t\t<\/div>\n\t\t\t\t<\/div>\n\t\t\t\t\t<\/div>\n\t\t<\/div>\n\t\t\t\t<div class=\"elementor-column elementor-col-50 elementor-top-column elementor-element elementor-element-6f9f6362\" data-id=\"6f9f6362\" data-element_type=\"column\">\n\t\t\t<div class=\"elementor-widget-wrap elementor-element-populated\">\n\t\t\t\t\t\t<div class=\"elementor-element elementor-element-7c746045 elementor-widget elementor-widget-text-editor\" data-id=\"7c746045\" data-element_type=\"widget\" data-widget_type=\"text-editor.default\">\n\t\t\t\t<div class=\"elementor-widget-container\">\n\t\t\t\t\t\t\t\t\t<p class=\"translation-block\">Grazie alla capacit\u00e0 di stampare su un'ampia gamma di pellicole autoadesive, questo tipo di tecnologia viene utilizzata in diversi settori, dalla pubblicit\u00e0 per esterni e interni alla produzione di etichette e adesivi.<\/p>\t\t\t\t\t\t\t\t<\/div>\n\t\t\t\t<\/div>\n\t\t\t\t\t<\/div>\n\t\t<\/div>\n\t\t\t\t\t<\/div>\n\t\t<\/section>\n\t\t\t\t<section class=\"elementor-section elementor-top-section elementor-element elementor-element-37291c4c elementor-section-boxed elementor-section-height-default elementor-section-height-default\" data-id=\"37291c4c\" data-element_type=\"section\">\n\t\t\t\t\t\t<div class=\"elementor-container elementor-column-gap-default\">\n\t\t\t\t\t<div class=\"elementor-column elementor-col-100 elementor-top-column elementor-element elementor-element-26b22ab2\" data-id=\"26b22ab2\" data-element_type=\"column\">\n\t\t\t<div class=\"elementor-widget-wrap elementor-element-populated\">\n\t\t\t\t\t\t<div class=\"elementor-element elementor-element-40578448 elementor-widget elementor-widget-image-gallery\" data-id=\"40578448\" data-element_type=\"widget\" data-widget_type=\"image-gallery.default\">\n\t\t\t\t<div class=\"elementor-widget-container\">\n\t\t\t\t\t\t\t<div class=\"elementor-image-gallery\">\n\t\t\t<div id='gallery-1' class='gallery galleryid-13672 gallery-columns-3 gallery-size-full'><figure class='gallery-item'>\n\t\t\t<div class='gallery-icon landscape'>\n\t\t\t\t<a data-elementor-open-lightbox=\"yes\" data-elementor-lightbox-slideshow=\"40578448\" data-elementor-lightbox-title=\"01\" data-e-action-hash=\"#elementor-action%3Aaction%3Dlightbox%26settings%3DeyJpZCI6MTMxNTIsInVybCI6Imh0dHBzOlwvXC9rc2Vyb3BsYXN0LnBsXC93cC1jb250ZW50XC91cGxvYWRzXC8yMDI0XC8wMlwvMDEtOC5qcGciLCJzbGlkZXNob3ciOiI0MDU3ODQ0OCJ9\" href='https:\/\/kseroplast.pl\/wp-content\/uploads\/2024\/02\/01-8.jpg'><img loading=\"lazy\" decoding=\"async\" width=\"1000\" height=\"800\" src=\"https:\/\/kseroplast.pl\/wp-content\/uploads\/2024\/02\/01-8.jpg\" class=\"attachment-full size-full\" alt=\"\" srcset=\"https:\/\/kseroplast.pl\/wp-content\/uploads\/2024\/02\/01-8.jpg 1000w, https:\/\/kseroplast.pl\/wp-content\/uploads\/2024\/02\/01-8-300x240.jpg 300w, https:\/\/kseroplast.pl\/wp-content\/uploads\/2024\/02\/01-8-768x614.jpg 768w, https:\/\/kseroplast.pl\/wp-content\/uploads\/2024\/02\/01-8-15x12.jpg 15w\" sizes=\"(max-width: 1000px) 100vw, 1000px\" \/><\/a>\n\t\t\t<\/div><\/figure><figure class='gallery-item'>\n\t\t\t<div class='gallery-icon landscape'>\n\t\t\t\t<a data-elementor-open-lightbox=\"yes\" data-elementor-lightbox-slideshow=\"40578448\" data-elementor-lightbox-title=\"05\" data-e-action-hash=\"#elementor-action%3Aaction%3Dlightbox%26settings%3DeyJpZCI6MTMwNjMsInVybCI6Imh0dHBzOlwvXC9rc2Vyb3BsYXN0LnBsXC93cC1jb250ZW50XC91cGxvYWRzXC8yMDI0XC8wMlwvMDUtMi5qcGciLCJzbGlkZXNob3ciOiI0MDU3ODQ0OCJ9\" href='https:\/\/kseroplast.pl\/wp-content\/uploads\/2024\/02\/05-2.jpg'><img loading=\"lazy\" decoding=\"async\" width=\"1000\" height=\"800\" src=\"https:\/\/kseroplast.pl\/wp-content\/uploads\/2024\/02\/05-2.jpg\" class=\"attachment-full size-full\" alt=\"\" srcset=\"https:\/\/kseroplast.pl\/wp-content\/uploads\/2024\/02\/05-2.jpg 1000w, https:\/\/kseroplast.pl\/wp-content\/uploads\/2024\/02\/05-2-300x240.jpg 300w, https:\/\/kseroplast.pl\/wp-content\/uploads\/2024\/02\/05-2-768x614.jpg 768w, https:\/\/kseroplast.pl\/wp-content\/uploads\/2024\/02\/05-2-15x12.jpg 15w\" sizes=\"(max-width: 1000px) 100vw, 1000px\" \/><\/a>\n\t\t\t<\/div><\/figure><figure class='gallery-item'>\n\t\t\t<div class='gallery-icon landscape'>\n\t\t\t\t<a data-elementor-open-lightbox=\"yes\" data-elementor-lightbox-slideshow=\"40578448\" data-elementor-lightbox-title=\"06\" data-e-action-hash=\"#elementor-action%3Aaction%3Dlightbox%26settings%3DeyJpZCI6MTMwNjQsInVybCI6Imh0dHBzOlwvXC9rc2Vyb3BsYXN0LnBsXC93cC1jb250ZW50XC91cGxvYWRzXC8yMDI0XC8wMlwvMDYtMi5qcGciLCJzbGlkZXNob3ciOiI0MDU3ODQ0OCJ9\" href='https:\/\/kseroplast.pl\/wp-content\/uploads\/2024\/02\/06-2.jpg'><img loading=\"lazy\" decoding=\"async\" width=\"1000\" height=\"800\" src=\"https:\/\/kseroplast.pl\/wp-content\/uploads\/2024\/02\/06-2.jpg\" class=\"attachment-full size-full\" alt=\"\" srcset=\"https:\/\/kseroplast.pl\/wp-content\/uploads\/2024\/02\/06-2.jpg 1000w, https:\/\/kseroplast.pl\/wp-content\/uploads\/2024\/02\/06-2-300x240.jpg 300w, https:\/\/kseroplast.pl\/wp-content\/uploads\/2024\/02\/06-2-768x614.jpg 768w, https:\/\/kseroplast.pl\/wp-content\/uploads\/2024\/02\/06-2-15x12.jpg 15w\" sizes=\"(max-width: 1000px) 100vw, 1000px\" \/><\/a>\n\t\t\t<\/div><\/figure><figure class='gallery-item'>\n\t\t\t<div class='gallery-icon landscape'>\n\t\t\t\t<a data-elementor-open-lightbox=\"yes\" data-elementor-lightbox-slideshow=\"40578448\" data-elementor-lightbox-title=\"04\" data-e-action-hash=\"#elementor-action%3Aaction%3Dlightbox%26settings%3DeyJpZCI6MTMwNjIsInVybCI6Imh0dHBzOlwvXC9rc2Vyb3BsYXN0LnBsXC93cC1jb250ZW50XC91cGxvYWRzXC8yMDI0XC8wMlwvMDQtMy5qcGciLCJzbGlkZXNob3ciOiI0MDU3ODQ0OCJ9\" href='https:\/\/kseroplast.pl\/wp-content\/uploads\/2024\/02\/04-3.jpg'><img loading=\"lazy\" decoding=\"async\" width=\"1000\" height=\"800\" src=\"https:\/\/kseroplast.pl\/wp-content\/uploads\/2024\/02\/04-3.jpg\" class=\"attachment-full size-full\" alt=\"\" srcset=\"https:\/\/kseroplast.pl\/wp-content\/uploads\/2024\/02\/04-3.jpg 1000w, https:\/\/kseroplast.pl\/wp-content\/uploads\/2024\/02\/04-3-300x240.jpg 300w, https:\/\/kseroplast.pl\/wp-content\/uploads\/2024\/02\/04-3-768x614.jpg 768w, https:\/\/kseroplast.pl\/wp-content\/uploads\/2024\/02\/04-3-15x12.jpg 15w\" sizes=\"(max-width: 1000px) 100vw, 1000px\" \/><\/a>\n\t\t\t<\/div><\/figure><figure class='gallery-item'>\n\t\t\t<div class='gallery-icon landscape'>\n\t\t\t\t<a data-elementor-open-lightbox=\"yes\" data-elementor-lightbox-slideshow=\"40578448\" data-elementor-lightbox-title=\"07\" data-e-action-hash=\"#elementor-action%3Aaction%3Dlightbox%26settings%3DeyJpZCI6MTMwNzMsInVybCI6Imh0dHBzOlwvXC9rc2Vyb3BsYXN0LnBsXC93cC1jb250ZW50XC91cGxvYWRzXC8yMDI0XC8wMlwvMDctMi5qcGciLCJzbGlkZXNob3ciOiI0MDU3ODQ0OCJ9\" href='https:\/\/kseroplast.pl\/wp-content\/uploads\/2024\/02\/07-2.jpg'><img loading=\"lazy\" decoding=\"async\" width=\"1000\" height=\"800\" src=\"https:\/\/kseroplast.pl\/wp-content\/uploads\/2024\/02\/07-2.jpg\" class=\"attachment-full size-full\" alt=\"\" srcset=\"https:\/\/kseroplast.pl\/wp-content\/uploads\/2024\/02\/07-2.jpg 1000w, https:\/\/kseroplast.pl\/wp-content\/uploads\/2024\/02\/07-2-300x240.jpg 300w, https:\/\/kseroplast.pl\/wp-content\/uploads\/2024\/02\/07-2-768x614.jpg 768w, https:\/\/kseroplast.pl\/wp-content\/uploads\/2024\/02\/07-2-15x12.jpg 15w\" sizes=\"(max-width: 1000px) 100vw, 1000px\" \/><\/a>\n\t\t\t<\/div><\/figure><figure class='gallery-item'>\n\t\t\t<div class='gallery-icon landscape'>\n\t\t\t\t<a data-elementor-open-lightbox=\"yes\" data-elementor-lightbox-slideshow=\"40578448\" data-elementor-lightbox-title=\"10\" data-e-action-hash=\"#elementor-action%3Aaction%3Dlightbox%26settings%3DeyJpZCI6MTMwNzQsInVybCI6Imh0dHBzOlwvXC9rc2Vyb3BsYXN0LnBsXC93cC1jb250ZW50XC91cGxvYWRzXC8yMDI0XC8wMlwvMTAtMS5qcGciLCJzbGlkZXNob3ciOiI0MDU3ODQ0OCJ9\" href='https:\/\/kseroplast.pl\/wp-content\/uploads\/2024\/02\/10-1.jpg'><img loading=\"lazy\" decoding=\"async\" width=\"1000\" height=\"800\" src=\"https:\/\/kseroplast.pl\/wp-content\/uploads\/2024\/02\/10-1.jpg\" class=\"attachment-full size-full\" alt=\"\" srcset=\"https:\/\/kseroplast.pl\/wp-content\/uploads\/2024\/02\/10-1.jpg 1000w, https:\/\/kseroplast.pl\/wp-content\/uploads\/2024\/02\/10-1-300x240.jpg 300w, https:\/\/kseroplast.pl\/wp-content\/uploads\/2024\/02\/10-1-768x614.jpg 768w, https:\/\/kseroplast.pl\/wp-content\/uploads\/2024\/02\/10-1-15x12.jpg 15w\" sizes=\"(max-width: 1000px) 100vw, 1000px\" \/><\/a>\n\t\t\t<\/div><\/figure><figure class='gallery-item'>\n\t\t\t<div class='gallery-icon landscape'>\n\t\t\t\t<a data-elementor-open-lightbox=\"yes\" data-elementor-lightbox-slideshow=\"40578448\" data-elementor-lightbox-title=\"11\" data-e-action-hash=\"#elementor-action%3Aaction%3Dlightbox%26settings%3DeyJpZCI6MTM1NTUsInVybCI6Imh0dHBzOlwvXC9rc2Vyb3BsYXN0LnBsXC93cC1jb250ZW50XC91cGxvYWRzXC8yMDI0XC8wMlwvMTEtMy5qcGciLCJzbGlkZXNob3ciOiI0MDU3ODQ0OCJ9\" href='https:\/\/kseroplast.pl\/wp-content\/uploads\/2024\/02\/11-3.jpg'><img loading=\"lazy\" decoding=\"async\" width=\"1000\" height=\"800\" src=\"https:\/\/kseroplast.pl\/wp-content\/uploads\/2024\/02\/11-3.jpg\" class=\"attachment-full size-full\" alt=\"\" srcset=\"https:\/\/kseroplast.pl\/wp-content\/uploads\/2024\/02\/11-3.jpg 1000w, https:\/\/kseroplast.pl\/wp-content\/uploads\/2024\/02\/11-3-300x240.jpg 300w, https:\/\/kseroplast.pl\/wp-content\/uploads\/2024\/02\/11-3-768x614.jpg 768w, https:\/\/kseroplast.pl\/wp-content\/uploads\/2024\/02\/11-3-15x12.jpg 15w\" sizes=\"(max-width: 1000px) 100vw, 1000px\" \/><\/a>\n\t\t\t<\/div><\/figure><figure class='gallery-item'>\n\t\t\t<div class='gallery-icon landscape'>\n\t\t\t\t<a data-elementor-open-lightbox=\"yes\" data-elementor-lightbox-slideshow=\"40578448\" data-elementor-lightbox-title=\"13\" data-e-action-hash=\"#elementor-action%3Aaction%3Dlightbox%26settings%3DeyJpZCI6MTM1NTksInVybCI6Imh0dHBzOlwvXC9rc2Vyb3BsYXN0LnBsXC93cC1jb250ZW50XC91cGxvYWRzXC8yMDI0XC8wMlwvMTMtMy5qcGciLCJzbGlkZXNob3ciOiI0MDU3ODQ0OCJ9\" href='https:\/\/kseroplast.pl\/wp-content\/uploads\/2024\/02\/13-3.jpg'><img loading=\"lazy\" decoding=\"async\" width=\"1000\" height=\"800\" src=\"https:\/\/kseroplast.pl\/wp-content\/uploads\/2024\/02\/13-3.jpg\" class=\"attachment-full size-full\" alt=\"\" srcset=\"https:\/\/kseroplast.pl\/wp-content\/uploads\/2024\/02\/13-3.jpg 1000w, https:\/\/kseroplast.pl\/wp-content\/uploads\/2024\/02\/13-3-300x240.jpg 300w, https:\/\/kseroplast.pl\/wp-content\/uploads\/2024\/02\/13-3-768x614.jpg 768w, https:\/\/kseroplast.pl\/wp-content\/uploads\/2024\/02\/13-3-15x12.jpg 15w\" sizes=\"(max-width: 1000px) 100vw, 1000px\" \/><\/a>\n\t\t\t<\/div><\/figure><figure class='gallery-item'>\n\t\t\t<div class='gallery-icon landscape'>\n\t\t\t\t<a data-elementor-open-lightbox=\"yes\" data-elementor-lightbox-slideshow=\"40578448\" data-elementor-lightbox-title=\"09\" data-e-action-hash=\"#elementor-action%3Aaction%3Dlightbox%26settings%3DeyJpZCI6MTM3MDcsInVybCI6Imh0dHBzOlwvXC9rc2Vyb3BsYXN0LnBsXC93cC1jb250ZW50XC91cGxvYWRzXC8yMDI0XC8wM1wvMDktMi5qcGciLCJzbGlkZXNob3ciOiI0MDU3ODQ0OCJ9\" href='https:\/\/kseroplast.pl\/wp-content\/uploads\/2024\/03\/09-2.jpg'><img loading=\"lazy\" decoding=\"async\" width=\"1000\" height=\"800\" src=\"https:\/\/kseroplast.pl\/wp-content\/uploads\/2024\/03\/09-2.jpg\" class=\"attachment-full size-full\" alt=\"\" srcset=\"https:\/\/kseroplast.pl\/wp-content\/uploads\/2024\/03\/09-2.jpg 1000w, https:\/\/kseroplast.pl\/wp-content\/uploads\/2024\/03\/09-2-300x240.jpg 300w, https:\/\/kseroplast.pl\/wp-content\/uploads\/2024\/03\/09-2-768x614.jpg 768w, https:\/\/kseroplast.pl\/wp-content\/uploads\/2024\/03\/09-2-15x12.jpg 15w\" sizes=\"(max-width: 1000px) 100vw, 1000px\" \/><\/a>\n\t\t\t<\/div><\/figure>\n\t\t<\/div>\n\t\t<\/div>\n\t\t\t\t\t\t<\/div>\n\t\t\t\t<\/div>\n\t\t\t\t\t<\/div>\n\t\t<\/div>\n\t\t\t\t\t<\/div>\n\t\t<\/section>\n\t\t\t\t<\/div>","protected":false},"excerpt":{"rendered":"<p>Pubblicit\u00e0 stampata La stampa UV in piano \u00e8 una tecnologia di stampa digitale in cui...<\/p>\n<p> <a class=\"more-link\" href=\"https:\/\/kseroplast.pl\/it\/reklamy-drukowane-2\/\">Leggi tutto<\/a><\/p>","protected":false},"author":1,"featured_media":0,"parent":0,"menu_order":0,"comment_status":"closed","ping_status":"closed","template":"","meta":{"footnotes":""},"class_list":["post-13672","page","type-page","status-publish"],"_links":{"self":[{"href":"https:\/\/kseroplast.pl\/it\/wp-json\/wp\/v2\/pages\/13672","targetHints":{"allow":["GET"]}}],"collection":[{"href":"https:\/\/kseroplast.pl\/it\/wp-json\/wp\/v2\/pages"}],"about":[{"href":"https:\/\/kseroplast.pl\/it\/wp-json\/wp\/v2\/types\/page"}],"author":[{"embeddable":true,"href":"https:\/\/kseroplast.pl\/it\/wp-json\/wp\/v2\/users\/1"}],"replies":[{"embeddable":true,"href":"https:\/\/kseroplast.pl\/it\/wp-json\/wp\/v2\/comments?post=13672"}],"version-history":[{"count":17,"href":"https:\/\/kseroplast.pl\/it\/wp-json\/wp\/v2\/pages\/13672\/revisions"}],"predecessor-version":[{"id":13710,"href":"https:\/\/kseroplast.pl\/it\/wp-json\/wp\/v2\/pages\/13672\/revisions\/13710"}],"wp:attachment":[{"href":"https:\/\/kseroplast.pl\/it\/wp-json\/wp\/v2\/media?parent=13672"}],"curies":[{"name":"wp","href":"https:\/\/api.w.org\/{rel}","templated":true}]}}