{"id":13191,"date":"2024-02-26T10:00:31","date_gmt":"2024-02-26T09:00:31","guid":{"rendered":"https:\/\/kseroplast.pl\/?page_id=13191"},"modified":"2024-02-28T11:05:29","modified_gmt":"2024-02-28T10:05:29","slug":"witacze","status":"publish","type":"page","link":"https:\/\/kseroplast.pl\/it\/witacze\/","title":{"rendered":"Saluti"},"content":{"rendered":"<div data-elementor-type=\"wp-page\" data-elementor-id=\"13191\" class=\"elementor elementor-13191\">\n\t\t\t\t\t\t<section class=\"elementor-section elementor-top-section elementor-element elementor-element-55fb60a9 elementor-section-height-min-height elementor-section-items-bottom elementor-section-stretched elementor-section-boxed elementor-section-height-default\" data-id=\"55fb60a9\" data-element_type=\"section\" data-settings=\"{&quot;background_background&quot;:&quot;classic&quot;,&quot;stretch_section&quot;:&quot;section-stretched&quot;,&quot;shape_divider_bottom&quot;:&quot;triangle&quot;,&quot;shape_divider_bottom_negative&quot;:&quot;yes&quot;}\">\n\t\t\t\t\t\t\t<div class=\"elementor-background-overlay\"><\/div>\n\t\t\t\t\t\t<div class=\"elementor-shape elementor-shape-bottom\" aria-hidden=\"true\" data-negative=\"true\">\n\t\t\t<svg xmlns=\"http:\/\/www.w3.org\/2000\/svg\" viewbox=\"0 0 1000 100\" preserveaspectratio=\"none\">\n\t<path class=\"elementor-shape-fill\" d=\"M500.2,94.7L0,0v100h1000V0L500.2,94.7z\"\/>\n<\/svg>\t\t<\/div>\n\t\t\t\t\t<div class=\"elementor-container elementor-column-gap-no\">\n\t\t\t\t\t<div class=\"elementor-column elementor-col-100 elementor-top-column elementor-element elementor-element-21e12f0c\" data-id=\"21e12f0c\" data-element_type=\"column\">\n\t\t\t<div class=\"elementor-widget-wrap elementor-element-populated\">\n\t\t\t\t\t\t<div class=\"elementor-element elementor-element-2a1631ef elementor-widget elementor-widget-text-editor\" data-id=\"2a1631ef\" data-element_type=\"widget\" data-widget_type=\"text-editor.default\">\n\t\t\t\t<div class=\"elementor-widget-container\">\n\t\t\t\t\t\t\t\t\t<p>Saluti<\/p>\t\t\t\t\t\t\t\t<\/div>\n\t\t\t\t<\/div>\n\t\t\t\t\t<\/div>\n\t\t<\/div>\n\t\t\t\t\t<\/div>\n\t\t<\/section>\n\t\t\t\t<section class=\"elementor-section elementor-top-section elementor-element elementor-element-fad8d5a elementor-section-content-middle elementor-section-full_width elementor-reverse-mobile elementor-reverse-tablet elementor-section-height-default elementor-section-height-default\" data-id=\"fad8d5a\" data-element_type=\"section\" data-settings=\"{&quot;background_background&quot;:&quot;classic&quot;}\">\n\t\t\t\t\t\t<div class=\"elementor-container elementor-column-gap-no\">\n\t\t\t\t\t<div class=\"elementor-column elementor-col-50 elementor-top-column elementor-element elementor-element-acd864d\" data-id=\"acd864d\" data-element_type=\"column\">\n\t\t\t<div class=\"elementor-widget-wrap elementor-element-populated\">\n\t\t\t\t\t\t<div class=\"elementor-element elementor-element-168208fc elementor-widget elementor-widget-image\" data-id=\"168208fc\" data-element_type=\"widget\" data-widget_type=\"image.default\">\n\t\t\t\t<div class=\"elementor-widget-container\">\n\t\t\t\t\t\t\t\t\t\t\t\t\t\t\t<img fetchpriority=\"high\" decoding=\"async\" width=\"800\" height=\"640\" src=\"https:\/\/kseroplast.pl\/wp-content\/uploads\/2024\/02\/03-5.jpg\" class=\"attachment-large size-large wp-image-13244\" alt=\"\" srcset=\"https:\/\/kseroplast.pl\/wp-content\/uploads\/2024\/02\/03-5.jpg 1000w, https:\/\/kseroplast.pl\/wp-content\/uploads\/2024\/02\/03-5-300x240.jpg 300w, https:\/\/kseroplast.pl\/wp-content\/uploads\/2024\/02\/03-5-768x614.jpg 768w, https:\/\/kseroplast.pl\/wp-content\/uploads\/2024\/02\/03-5-15x12.jpg 15w\" sizes=\"(max-width: 800px) 100vw, 800px\" \/>\t\t\t\t\t\t\t\t\t\t\t\t\t\t\t<\/div>\n\t\t\t\t<\/div>\n\t\t\t\t\t<\/div>\n\t\t<\/div>\n\t\t\t\t<div class=\"elementor-column elementor-col-50 elementor-top-column elementor-element elementor-element-4043c4be\" data-id=\"4043c4be\" data-element_type=\"column\">\n\t\t\t<div class=\"elementor-widget-wrap elementor-element-populated\">\n\t\t\t\t\t\t<div class=\"elementor-element elementor-element-3c389ef7 elementor-widget elementor-widget-heading\" data-id=\"3c389ef7\" data-element_type=\"widget\" data-widget_type=\"heading.default\">\n\t\t\t\t<div class=\"elementor-widget-container\">\n\t\t\t\t\t<h1 class=\"elementor-heading-title elementor-size-default\">Saluti<\/h1>\t\t\t\t<\/div>\n\t\t\t\t<\/div>\n\t\t\t\t<div class=\"elementor-element elementor-element-2c2b974f elementor-widget elementor-widget-text-editor\" data-id=\"2c2b974f\" data-element_type=\"widget\" data-widget_type=\"text-editor.default\">\n\t\t\t\t<div class=\"elementor-widget-container\">\n\t\t\t\t\t\t\t\t\t<p>sono cartelli posti all'ingresso di una localit\u00e0, di un'unit\u00e0 amministrativa, di una regione o di un Paese per accogliere i visitatori in arrivo. Questo tipo di cartello pu\u00f2 assumere diverse forme, come un pannello informativo, un segno decorativo, una scultura o altri elementi architettonici.<\/p>\t\t\t\t\t\t\t\t<\/div>\n\t\t\t\t<\/div>\n\t\t\t\t\t<\/div>\n\t\t<\/div>\n\t\t\t\t\t<\/div>\n\t\t<\/section>\n\t\t\t\t<section class=\"elementor-section elementor-top-section elementor-element elementor-element-16a809b8 elementor-section-content-middle elementor-section-full_width elementor-section-height-default elementor-section-height-default\" data-id=\"16a809b8\" data-element_type=\"section\" data-settings=\"{&quot;background_background&quot;:&quot;classic&quot;}\">\n\t\t\t\t\t\t<div class=\"elementor-container elementor-column-gap-no\">\n\t\t\t\t\t<div class=\"elementor-column elementor-col-50 elementor-top-column elementor-element elementor-element-5735dc25\" data-id=\"5735dc25\" data-element_type=\"column\">\n\t\t\t<div class=\"elementor-widget-wrap elementor-element-populated\">\n\t\t\t\t\t\t<div class=\"elementor-element elementor-element-1413194d elementor-widget elementor-widget-text-editor\" data-id=\"1413194d\" data-element_type=\"widget\" data-widget_type=\"text-editor.default\">\n\t\t\t\t<div class=\"elementor-widget-container\">\n\t\t\t\t\t\t\t\t\t<p>I salutatori di questo tipo sono spesso destinati non solo a dare il benvenuto, ma anche a trasmettere informazioni su una particolare localit\u00e0, come il nome della citt\u00e0, uno slogan pubblicitario, un emblema o uno stemma e altri elementi distintivi.<\/p>\t\t\t\t\t\t\t\t<\/div>\n\t\t\t\t<\/div>\n\t\t\t\t\t<\/div>\n\t\t<\/div>\n\t\t\t\t<div class=\"elementor-column elementor-col-50 elementor-top-column elementor-element elementor-element-7c45e404\" data-id=\"7c45e404\" data-element_type=\"column\">\n\t\t\t<div class=\"elementor-widget-wrap elementor-element-populated\">\n\t\t\t\t\t\t<div class=\"elementor-element elementor-element-7aef3a64 elementor-widget elementor-widget-image\" data-id=\"7aef3a64\" data-element_type=\"widget\" data-widget_type=\"image.default\">\n\t\t\t\t<div class=\"elementor-widget-container\">\n\t\t\t\t\t\t\t\t\t\t\t\t\t\t\t<img decoding=\"async\" width=\"800\" height=\"640\" src=\"https:\/\/kseroplast.pl\/wp-content\/uploads\/2024\/02\/a.jpg\" class=\"attachment-large size-large wp-image-13249\" alt=\"\" srcset=\"https:\/\/kseroplast.pl\/wp-content\/uploads\/2024\/02\/a.jpg 1000w, https:\/\/kseroplast.pl\/wp-content\/uploads\/2024\/02\/a-300x240.jpg 300w, https:\/\/kseroplast.pl\/wp-content\/uploads\/2024\/02\/a-768x614.jpg 768w, https:\/\/kseroplast.pl\/wp-content\/uploads\/2024\/02\/a-15x12.jpg 15w\" sizes=\"(max-width: 800px) 100vw, 800px\" \/>\t\t\t\t\t\t\t\t\t\t\t\t\t\t\t<\/div>\n\t\t\t\t<\/div>\n\t\t\t\t\t<\/div>\n\t\t<\/div>\n\t\t\t\t\t<\/div>\n\t\t<\/section>\n\t\t\t\t<section class=\"elementor-section elementor-top-section elementor-element elementor-element-4aba8913 elementor-section-content-middle elementor-section-full_width elementor-reverse-mobile elementor-section-height-default elementor-section-height-default\" data-id=\"4aba8913\" data-element_type=\"section\" data-settings=\"{&quot;background_background&quot;:&quot;classic&quot;}\">\n\t\t\t\t\t\t<div class=\"elementor-container elementor-column-gap-no\">\n\t\t\t\t\t<div class=\"elementor-column elementor-col-50 elementor-top-column elementor-element elementor-element-452694f5\" data-id=\"452694f5\" data-element_type=\"column\">\n\t\t\t<div class=\"elementor-widget-wrap elementor-element-populated\">\n\t\t\t\t\t\t<div class=\"elementor-element elementor-element-5954174e elementor-widget elementor-widget-image\" data-id=\"5954174e\" data-element_type=\"widget\" data-widget_type=\"image.default\">\n\t\t\t\t<div class=\"elementor-widget-container\">\n\t\t\t\t\t\t\t\t\t\t\t\t\t\t\t<img decoding=\"async\" width=\"800\" height=\"640\" src=\"https:\/\/kseroplast.pl\/wp-content\/uploads\/2024\/02\/01-9.jpg\" class=\"attachment-large size-large wp-image-13250\" alt=\"\" srcset=\"https:\/\/kseroplast.pl\/wp-content\/uploads\/2024\/02\/01-9.jpg 1000w, https:\/\/kseroplast.pl\/wp-content\/uploads\/2024\/02\/01-9-300x240.jpg 300w, https:\/\/kseroplast.pl\/wp-content\/uploads\/2024\/02\/01-9-768x614.jpg 768w, https:\/\/kseroplast.pl\/wp-content\/uploads\/2024\/02\/01-9-15x12.jpg 15w\" sizes=\"(max-width: 800px) 100vw, 800px\" \/>\t\t\t\t\t\t\t\t\t\t\t\t\t\t\t<\/div>\n\t\t\t\t<\/div>\n\t\t\t\t\t<\/div>\n\t\t<\/div>\n\t\t\t\t<div class=\"elementor-column elementor-col-50 elementor-top-column elementor-element elementor-element-755f9788\" data-id=\"755f9788\" data-element_type=\"column\">\n\t\t\t<div class=\"elementor-widget-wrap elementor-element-populated\">\n\t\t\t\t\t\t<div class=\"elementor-element elementor-element-950e7ed elementor-widget elementor-widget-text-editor\" data-id=\"950e7ed\" data-element_type=\"widget\" data-widget_type=\"text-editor.default\">\n\t\t\t\t<div class=\"elementor-widget-container\">\n\t\t\t\t\t\t\t\t\t<p>Possono anche essere parte della promozione turistica, incoraggiando i visitatori a esplorare l'area o a godere delle attrazioni locali.<\/p>\t\t\t\t\t\t\t\t<\/div>\n\t\t\t\t<\/div>\n\t\t\t\t\t<\/div>\n\t\t<\/div>\n\t\t\t\t\t<\/div>\n\t\t<\/section>\n\t\t\t\t<section class=\"elementor-section elementor-top-section elementor-element elementor-element-3f0ba450 elementor-section-content-middle elementor-section-full_width elementor-section-height-default elementor-section-height-default\" data-id=\"3f0ba450\" data-element_type=\"section\" data-settings=\"{&quot;background_background&quot;:&quot;classic&quot;}\">\n\t\t\t\t\t\t<div class=\"elementor-container elementor-column-gap-no\">\n\t\t\t\t\t<div class=\"elementor-column elementor-col-50 elementor-top-column elementor-element elementor-element-2665effc\" data-id=\"2665effc\" data-element_type=\"column\">\n\t\t\t<div class=\"elementor-widget-wrap elementor-element-populated\">\n\t\t\t\t\t\t<div class=\"elementor-element elementor-element-305a254b elementor-widget elementor-widget-text-editor\" data-id=\"305a254b\" data-element_type=\"widget\" data-widget_type=\"text-editor.default\">\n\t\t\t\t<div class=\"elementor-widget-container\">\n\t\t\t\t\t\t\t\t\t<p class=\"translation-block\">Questi cartelli hanno un significato simbolico in quanto riflettono l'ospitalit\u00e0 <br>e la cordialit\u00e0 di un luogo nei confronti dei visitatori. Contribuiscono inoltre a costruire un'identit\u00e0 locale e a creare una prima impressione per chi entra in un luogo.<\/p>\t\t\t\t\t\t\t\t<\/div>\n\t\t\t\t<\/div>\n\t\t\t\t\t<\/div>\n\t\t<\/div>\n\t\t\t\t<div class=\"elementor-column elementor-col-50 elementor-top-column elementor-element elementor-element-77cc9048\" data-id=\"77cc9048\" data-element_type=\"column\">\n\t\t\t<div class=\"elementor-widget-wrap elementor-element-populated\">\n\t\t\t\t\t\t<div class=\"elementor-element elementor-element-6722073b elementor-widget elementor-widget-image\" data-id=\"6722073b\" data-element_type=\"widget\" data-widget_type=\"image.default\">\n\t\t\t\t<div class=\"elementor-widget-container\">\n\t\t\t\t\t\t\t\t\t\t\t\t\t\t\t<img loading=\"lazy\" decoding=\"async\" width=\"800\" height=\"640\" src=\"https:\/\/kseroplast.pl\/wp-content\/uploads\/2024\/02\/07-3.jpg\" class=\"attachment-large size-large wp-image-13248\" alt=\"\" srcset=\"https:\/\/kseroplast.pl\/wp-content\/uploads\/2024\/02\/07-3.jpg 1000w, https:\/\/kseroplast.pl\/wp-content\/uploads\/2024\/02\/07-3-300x240.jpg 300w, https:\/\/kseroplast.pl\/wp-content\/uploads\/2024\/02\/07-3-768x614.jpg 768w, https:\/\/kseroplast.pl\/wp-content\/uploads\/2024\/02\/07-3-15x12.jpg 15w\" sizes=\"(max-width: 800px) 100vw, 800px\" \/>\t\t\t\t\t\t\t\t\t\t\t\t\t\t\t<\/div>\n\t\t\t\t<\/div>\n\t\t\t\t\t<\/div>\n\t\t<\/div>\n\t\t\t\t\t<\/div>\n\t\t<\/section>\n\t\t\t\t<section class=\"elementor-section elementor-top-section elementor-element elementor-element-7cfd51aa elementor-section-content-middle elementor-section-boxed elementor-section-height-default elementor-section-height-default\" data-id=\"7cfd51aa\" data-element_type=\"section\">\n\t\t\t\t\t\t<div class=\"elementor-container elementor-column-gap-no\">\n\t\t\t\t\t<div class=\"elementor-column elementor-col-100 elementor-top-column elementor-element elementor-element-24c7efeb\" data-id=\"24c7efeb\" data-element_type=\"column\">\n\t\t\t<div class=\"elementor-widget-wrap elementor-element-populated\">\n\t\t\t\t\t\t<div class=\"elementor-element elementor-element-4027a2c6 gallery-spacing-custom elementor-widget elementor-widget-image-gallery\" data-id=\"4027a2c6\" data-element_type=\"widget\" data-widget_type=\"image-gallery.default\">\n\t\t\t\t<div class=\"elementor-widget-container\">\n\t\t\t\t\t\t\t<div class=\"elementor-image-gallery\">\n\t\t\t<div id='gallery-1' class='gallery galleryid-13191 gallery-columns-3 gallery-size-full'><figure class='gallery-item'>\n\t\t\t<div class='gallery-icon landscape'>\n\t\t\t\t<a data-elementor-open-lightbox=\"yes\" data-elementor-lightbox-slideshow=\"4027a2c6\" data-elementor-lightbox-title=\"01\" data-e-action-hash=\"#elementor-action%3Aaction%3Dlightbox%26settings%3DeyJpZCI6MTMyNTAsInVybCI6Imh0dHBzOlwvXC9rc2Vyb3BsYXN0LnBsXC93cC1jb250ZW50XC91cGxvYWRzXC8yMDI0XC8wMlwvMDEtOS5qcGciLCJzbGlkZXNob3ciOiI0MDI3YTJjNiJ9\" href='https:\/\/kseroplast.pl\/wp-content\/uploads\/2024\/02\/01-9.jpg'><img loading=\"lazy\" decoding=\"async\" width=\"1000\" height=\"800\" src=\"https:\/\/kseroplast.pl\/wp-content\/uploads\/2024\/02\/01-9.jpg\" class=\"attachment-full size-full\" alt=\"\" srcset=\"https:\/\/kseroplast.pl\/wp-content\/uploads\/2024\/02\/01-9.jpg 1000w, https:\/\/kseroplast.pl\/wp-content\/uploads\/2024\/02\/01-9-300x240.jpg 300w, https:\/\/kseroplast.pl\/wp-content\/uploads\/2024\/02\/01-9-768x614.jpg 768w, https:\/\/kseroplast.pl\/wp-content\/uploads\/2024\/02\/01-9-15x12.jpg 15w\" sizes=\"(max-width: 1000px) 100vw, 1000px\" \/><\/a>\n\t\t\t<\/div><\/figure><figure class='gallery-item'>\n\t\t\t<div class='gallery-icon landscape'>\n\t\t\t\t<a data-elementor-open-lightbox=\"yes\" data-elementor-lightbox-slideshow=\"4027a2c6\" data-elementor-lightbox-title=\"a\" data-e-action-hash=\"#elementor-action%3Aaction%3Dlightbox%26settings%3DeyJpZCI6MTMyNDksInVybCI6Imh0dHBzOlwvXC9rc2Vyb3BsYXN0LnBsXC93cC1jb250ZW50XC91cGxvYWRzXC8yMDI0XC8wMlwvYS5qcGciLCJzbGlkZXNob3ciOiI0MDI3YTJjNiJ9\" href='https:\/\/kseroplast.pl\/wp-content\/uploads\/2024\/02\/a.jpg'><img loading=\"lazy\" decoding=\"async\" width=\"1000\" height=\"800\" src=\"https:\/\/kseroplast.pl\/wp-content\/uploads\/2024\/02\/a.jpg\" class=\"attachment-full size-full\" alt=\"\" srcset=\"https:\/\/kseroplast.pl\/wp-content\/uploads\/2024\/02\/a.jpg 1000w, https:\/\/kseroplast.pl\/wp-content\/uploads\/2024\/02\/a-300x240.jpg 300w, https:\/\/kseroplast.pl\/wp-content\/uploads\/2024\/02\/a-768x614.jpg 768w, https:\/\/kseroplast.pl\/wp-content\/uploads\/2024\/02\/a-15x12.jpg 15w\" sizes=\"(max-width: 1000px) 100vw, 1000px\" \/><\/a>\n\t\t\t<\/div><\/figure><figure class='gallery-item'>\n\t\t\t<div class='gallery-icon landscape'>\n\t\t\t\t<a data-elementor-open-lightbox=\"yes\" data-elementor-lightbox-slideshow=\"4027a2c6\" data-elementor-lightbox-title=\"07\" data-e-action-hash=\"#elementor-action%3Aaction%3Dlightbox%26settings%3DeyJpZCI6MTMyNDgsInVybCI6Imh0dHBzOlwvXC9rc2Vyb3BsYXN0LnBsXC93cC1jb250ZW50XC91cGxvYWRzXC8yMDI0XC8wMlwvMDctMy5qcGciLCJzbGlkZXNob3ciOiI0MDI3YTJjNiJ9\" href='https:\/\/kseroplast.pl\/wp-content\/uploads\/2024\/02\/07-3.jpg'><img loading=\"lazy\" decoding=\"async\" width=\"1000\" height=\"800\" src=\"https:\/\/kseroplast.pl\/wp-content\/uploads\/2024\/02\/07-3.jpg\" class=\"attachment-full size-full\" alt=\"\" srcset=\"https:\/\/kseroplast.pl\/wp-content\/uploads\/2024\/02\/07-3.jpg 1000w, https:\/\/kseroplast.pl\/wp-content\/uploads\/2024\/02\/07-3-300x240.jpg 300w, https:\/\/kseroplast.pl\/wp-content\/uploads\/2024\/02\/07-3-768x614.jpg 768w, https:\/\/kseroplast.pl\/wp-content\/uploads\/2024\/02\/07-3-15x12.jpg 15w\" sizes=\"(max-width: 1000px) 100vw, 1000px\" \/><\/a>\n\t\t\t<\/div><\/figure><figure class='gallery-item'>\n\t\t\t<div class='gallery-icon landscape'>\n\t\t\t\t<a data-elementor-open-lightbox=\"yes\" data-elementor-lightbox-slideshow=\"4027a2c6\" data-elementor-lightbox-title=\"06\" data-e-action-hash=\"#elementor-action%3Aaction%3Dlightbox%26settings%3DeyJpZCI6MTMyNDcsInVybCI6Imh0dHBzOlwvXC9rc2Vyb3BsYXN0LnBsXC93cC1jb250ZW50XC91cGxvYWRzXC8yMDI0XC8wMlwvMDYtMy5qcGciLCJzbGlkZXNob3ciOiI0MDI3YTJjNiJ9\" href='https:\/\/kseroplast.pl\/wp-content\/uploads\/2024\/02\/06-3.jpg'><img loading=\"lazy\" decoding=\"async\" width=\"1000\" height=\"800\" src=\"https:\/\/kseroplast.pl\/wp-content\/uploads\/2024\/02\/06-3.jpg\" class=\"attachment-full size-full\" alt=\"\" srcset=\"https:\/\/kseroplast.pl\/wp-content\/uploads\/2024\/02\/06-3.jpg 1000w, https:\/\/kseroplast.pl\/wp-content\/uploads\/2024\/02\/06-3-300x240.jpg 300w, https:\/\/kseroplast.pl\/wp-content\/uploads\/2024\/02\/06-3-768x614.jpg 768w, https:\/\/kseroplast.pl\/wp-content\/uploads\/2024\/02\/06-3-15x12.jpg 15w\" sizes=\"(max-width: 1000px) 100vw, 1000px\" \/><\/a>\n\t\t\t<\/div><\/figure><figure class='gallery-item'>\n\t\t\t<div class='gallery-icon landscape'>\n\t\t\t\t<a data-elementor-open-lightbox=\"yes\" data-elementor-lightbox-slideshow=\"4027a2c6\" data-elementor-lightbox-title=\"04\" data-e-action-hash=\"#elementor-action%3Aaction%3Dlightbox%26settings%3DeyJpZCI6MTMyNDUsInVybCI6Imh0dHBzOlwvXC9rc2Vyb3BsYXN0LnBsXC93cC1jb250ZW50XC91cGxvYWRzXC8yMDI0XC8wMlwvMDQtNC5qcGciLCJzbGlkZXNob3ciOiI0MDI3YTJjNiJ9\" href='https:\/\/kseroplast.pl\/wp-content\/uploads\/2024\/02\/04-4.jpg'><img loading=\"lazy\" decoding=\"async\" width=\"1000\" height=\"800\" src=\"https:\/\/kseroplast.pl\/wp-content\/uploads\/2024\/02\/04-4.jpg\" class=\"attachment-full size-full\" alt=\"\" srcset=\"https:\/\/kseroplast.pl\/wp-content\/uploads\/2024\/02\/04-4.jpg 1000w, https:\/\/kseroplast.pl\/wp-content\/uploads\/2024\/02\/04-4-300x240.jpg 300w, https:\/\/kseroplast.pl\/wp-content\/uploads\/2024\/02\/04-4-768x614.jpg 768w, https:\/\/kseroplast.pl\/wp-content\/uploads\/2024\/02\/04-4-15x12.jpg 15w\" sizes=\"(max-width: 1000px) 100vw, 1000px\" \/><\/a>\n\t\t\t<\/div><\/figure><figure class='gallery-item'>\n\t\t\t<div class='gallery-icon landscape'>\n\t\t\t\t<a data-elementor-open-lightbox=\"yes\" data-elementor-lightbox-slideshow=\"4027a2c6\" data-elementor-lightbox-title=\"03\" data-e-action-hash=\"#elementor-action%3Aaction%3Dlightbox%26settings%3DeyJpZCI6MTMyNDQsInVybCI6Imh0dHBzOlwvXC9rc2Vyb3BsYXN0LnBsXC93cC1jb250ZW50XC91cGxvYWRzXC8yMDI0XC8wMlwvMDMtNS5qcGciLCJzbGlkZXNob3ciOiI0MDI3YTJjNiJ9\" href='https:\/\/kseroplast.pl\/wp-content\/uploads\/2024\/02\/03-5.jpg'><img loading=\"lazy\" decoding=\"async\" width=\"1000\" height=\"800\" src=\"https:\/\/kseroplast.pl\/wp-content\/uploads\/2024\/02\/03-5.jpg\" class=\"attachment-full size-full\" alt=\"\" srcset=\"https:\/\/kseroplast.pl\/wp-content\/uploads\/2024\/02\/03-5.jpg 1000w, https:\/\/kseroplast.pl\/wp-content\/uploads\/2024\/02\/03-5-300x240.jpg 300w, https:\/\/kseroplast.pl\/wp-content\/uploads\/2024\/02\/03-5-768x614.jpg 768w, https:\/\/kseroplast.pl\/wp-content\/uploads\/2024\/02\/03-5-15x12.jpg 15w\" sizes=\"(max-width: 1000px) 100vw, 1000px\" \/><\/a>\n\t\t\t<\/div><\/figure>\n\t\t<\/div>\n\t\t<\/div>\n\t\t\t\t\t\t<\/div>\n\t\t\t\t<\/div>\n\t\t\t\t\t<\/div>\n\t\t<\/div>\n\t\t\t\t\t<\/div>\n\t\t<\/section>\n\t\t\t\t<\/div>","protected":false},"excerpt":{"rendered":"<p>I salutatori I salutatori sono cartelli posti all'ingresso di un villaggio, di un'unit\u00e0...<\/p>\n<p> <a class=\"more-link\" href=\"https:\/\/kseroplast.pl\/it\/witacze\/\">Leggi tutto<\/a><\/p>","protected":false},"author":1,"featured_media":0,"parent":0,"menu_order":0,"comment_status":"closed","ping_status":"closed","template":"","meta":{"footnotes":""},"class_list":["post-13191","page","type-page","status-publish"],"_links":{"self":[{"href":"https:\/\/kseroplast.pl\/it\/wp-json\/wp\/v2\/pages\/13191","targetHints":{"allow":["GET"]}}],"collection":[{"href":"https:\/\/kseroplast.pl\/it\/wp-json\/wp\/v2\/pages"}],"about":[{"href":"https:\/\/kseroplast.pl\/it\/wp-json\/wp\/v2\/types\/page"}],"author":[{"embeddable":true,"href":"https:\/\/kseroplast.pl\/it\/wp-json\/wp\/v2\/users\/1"}],"replies":[{"embeddable":true,"href":"https:\/\/kseroplast.pl\/it\/wp-json\/wp\/v2\/comments?post=13191"}],"version-history":[{"count":22,"href":"https:\/\/kseroplast.pl\/it\/wp-json\/wp\/v2\/pages\/13191\/revisions"}],"predecessor-version":[{"id":13632,"href":"https:\/\/kseroplast.pl\/it\/wp-json\/wp\/v2\/pages\/13191\/revisions\/13632"}],"wp:attachment":[{"href":"https:\/\/kseroplast.pl\/it\/wp-json\/wp\/v2\/media?parent=13191"}],"curies":[{"name":"wp","href":"https:\/\/api.w.org\/{rel}","templated":true}]}}