{"id":13189,"date":"2024-02-26T10:00:06","date_gmt":"2024-02-26T09:00:06","guid":{"rendered":"https:\/\/kseroplast.pl\/?page_id=13189"},"modified":"2024-03-04T09:47:57","modified_gmt":"2024-03-04T08:47:57","slug":"lightboxy-tekstylne","status":"publish","type":"page","link":"https:\/\/kseroplast.pl\/it\/lightboxy-tekstylne\/","title":{"rendered":"Lightbox tessili"},"content":{"rendered":"<div data-elementor-type=\"wp-page\" data-elementor-id=\"13189\" class=\"elementor elementor-13189\">\n\t\t\t\t\t\t<section class=\"elementor-section elementor-top-section elementor-element elementor-element-3002dff0 elementor-section-height-min-height elementor-section-items-bottom elementor-section-stretched elementor-section-boxed elementor-section-height-default\" data-id=\"3002dff0\" data-element_type=\"section\" data-settings=\"{&quot;background_background&quot;:&quot;classic&quot;,&quot;stretch_section&quot;:&quot;section-stretched&quot;,&quot;shape_divider_bottom&quot;:&quot;triangle&quot;,&quot;shape_divider_bottom_negative&quot;:&quot;yes&quot;}\">\n\t\t\t\t\t\t\t<div class=\"elementor-background-overlay\"><\/div>\n\t\t\t\t\t\t<div class=\"elementor-shape elementor-shape-bottom\" aria-hidden=\"true\" data-negative=\"true\">\n\t\t\t<svg xmlns=\"http:\/\/www.w3.org\/2000\/svg\" viewbox=\"0 0 1000 100\" preserveaspectratio=\"none\">\n\t<path class=\"elementor-shape-fill\" d=\"M500.2,94.7L0,0v100h1000V0L500.2,94.7z\"\/>\n<\/svg>\t\t<\/div>\n\t\t\t\t\t<div class=\"elementor-container elementor-column-gap-no\">\n\t\t\t\t\t<div class=\"elementor-column elementor-col-100 elementor-top-column elementor-element elementor-element-4459201c\" data-id=\"4459201c\" data-element_type=\"column\">\n\t\t\t<div class=\"elementor-widget-wrap elementor-element-populated\">\n\t\t\t\t\t\t<div class=\"elementor-element elementor-element-68609910 elementor-widget elementor-widget-text-editor\" data-id=\"68609910\" data-element_type=\"widget\" data-widget_type=\"text-editor.default\">\n\t\t\t\t<div class=\"elementor-widget-container\">\n\t\t\t\t\t\t\t\t\t<p>lightbox tessili<\/p>\t\t\t\t\t\t\t\t<\/div>\n\t\t\t\t<\/div>\n\t\t\t\t\t<\/div>\n\t\t<\/div>\n\t\t\t\t\t<\/div>\n\t\t<\/section>\n\t\t\t\t<section class=\"elementor-section elementor-top-section elementor-element elementor-element-5f5e57ae elementor-section-content-middle elementor-section-full_width elementor-reverse-mobile elementor-reverse-tablet elementor-section-height-default elementor-section-height-default\" data-id=\"5f5e57ae\" data-element_type=\"section\" data-settings=\"{&quot;background_background&quot;:&quot;classic&quot;}\">\n\t\t\t\t\t\t<div class=\"elementor-container elementor-column-gap-no\">\n\t\t\t\t\t<div class=\"elementor-column elementor-col-50 elementor-top-column elementor-element elementor-element-3267448\" data-id=\"3267448\" data-element_type=\"column\">\n\t\t\t<div class=\"elementor-widget-wrap elementor-element-populated\">\n\t\t\t\t\t\t<div class=\"elementor-element elementor-element-7d925e21 elementor-widget elementor-widget-image\" data-id=\"7d925e21\" data-element_type=\"widget\" data-widget_type=\"image.default\">\n\t\t\t\t<div class=\"elementor-widget-container\">\n\t\t\t\t\t\t\t\t\t\t\t\t\t\t\t<img fetchpriority=\"high\" decoding=\"async\" width=\"800\" height=\"640\" src=\"https:\/\/kseroplast.pl\/wp-content\/uploads\/2024\/02\/01-15.jpg\" class=\"attachment-large size-large wp-image-13461\" alt=\"\" srcset=\"https:\/\/kseroplast.pl\/wp-content\/uploads\/2024\/02\/01-15.jpg 1000w, https:\/\/kseroplast.pl\/wp-content\/uploads\/2024\/02\/01-15-300x240.jpg 300w, https:\/\/kseroplast.pl\/wp-content\/uploads\/2024\/02\/01-15-768x614.jpg 768w, https:\/\/kseroplast.pl\/wp-content\/uploads\/2024\/02\/01-15-15x12.jpg 15w\" sizes=\"(max-width: 800px) 100vw, 800px\" \/>\t\t\t\t\t\t\t\t\t\t\t\t\t\t\t<\/div>\n\t\t\t\t<\/div>\n\t\t\t\t\t<\/div>\n\t\t<\/div>\n\t\t\t\t<div class=\"elementor-column elementor-col-50 elementor-top-column elementor-element elementor-element-4733209d\" data-id=\"4733209d\" data-element_type=\"column\">\n\t\t\t<div class=\"elementor-widget-wrap elementor-element-populated\">\n\t\t\t\t\t\t<div class=\"elementor-element elementor-element-293188cf elementor-widget elementor-widget-text-editor\" data-id=\"293188cf\" data-element_type=\"widget\" data-widget_type=\"text-editor.default\">\n\t\t\t\t<div class=\"elementor-widget-container\">\n\t\t\t\t\t\t\t\t\t<p>Un lightbox tessile \u00e8 un tipo di strumento di marketing pubblicitario che utilizza tessuti stampati retroilluminati per presentare grafici, testi o immagini in modo accattivante.<\/p>\t\t\t\t\t\t\t\t<\/div>\n\t\t\t\t<\/div>\n\t\t\t\t\t<\/div>\n\t\t<\/div>\n\t\t\t\t\t<\/div>\n\t\t<\/section>\n\t\t\t\t<section class=\"elementor-section elementor-top-section elementor-element elementor-element-51a7e6ad elementor-section-content-middle elementor-section-full_width elementor-section-height-default elementor-section-height-default\" data-id=\"51a7e6ad\" data-element_type=\"section\" data-settings=\"{&quot;background_background&quot;:&quot;classic&quot;}\">\n\t\t\t\t\t\t<div class=\"elementor-container elementor-column-gap-no\">\n\t\t\t\t\t<div class=\"elementor-column elementor-col-50 elementor-top-column elementor-element elementor-element-3c5e2e45\" data-id=\"3c5e2e45\" data-element_type=\"column\">\n\t\t\t<div class=\"elementor-widget-wrap elementor-element-populated\">\n\t\t\t\t\t\t<div class=\"elementor-element elementor-element-7117ab8a elementor-widget elementor-widget-text-editor\" data-id=\"7117ab8a\" data-element_type=\"widget\" data-widget_type=\"text-editor.default\">\n\t\t\t\t<div class=\"elementor-widget-container\">\n\t\t\t\t\t\t\t\t\t<p>L'elemento tessile del pannello pu\u00f2 essere sostituito in pochi istanti, senza bisogno di attrezzi. \u00c8 possibile utilizzare i LED per una visualizzazione ancora pi\u00f9 efficace.<\/p>\t\t\t\t\t\t\t\t<\/div>\n\t\t\t\t<\/div>\n\t\t\t\t\t<\/div>\n\t\t<\/div>\n\t\t\t\t<div class=\"elementor-column elementor-col-50 elementor-top-column elementor-element elementor-element-84f64aa\" data-id=\"84f64aa\" data-element_type=\"column\">\n\t\t\t<div class=\"elementor-widget-wrap elementor-element-populated\">\n\t\t\t\t\t\t<div class=\"elementor-element elementor-element-3f304c44 elementor-widget elementor-widget-image\" data-id=\"3f304c44\" data-element_type=\"widget\" data-widget_type=\"image.default\">\n\t\t\t\t<div class=\"elementor-widget-container\">\n\t\t\t\t\t\t\t\t\t\t\t\t\t\t\t<img decoding=\"async\" width=\"800\" height=\"640\" src=\"https:\/\/kseroplast.pl\/wp-content\/uploads\/2024\/02\/08-6.jpg\" class=\"attachment-large size-large wp-image-13468\" alt=\"\" srcset=\"https:\/\/kseroplast.pl\/wp-content\/uploads\/2024\/02\/08-6.jpg 1000w, https:\/\/kseroplast.pl\/wp-content\/uploads\/2024\/02\/08-6-300x240.jpg 300w, https:\/\/kseroplast.pl\/wp-content\/uploads\/2024\/02\/08-6-768x614.jpg 768w, https:\/\/kseroplast.pl\/wp-content\/uploads\/2024\/02\/08-6-15x12.jpg 15w\" sizes=\"(max-width: 800px) 100vw, 800px\" \/>\t\t\t\t\t\t\t\t\t\t\t\t\t\t\t<\/div>\n\t\t\t\t<\/div>\n\t\t\t\t\t<\/div>\n\t\t<\/div>\n\t\t\t\t\t<\/div>\n\t\t<\/section>\n\t\t\t\t<section class=\"elementor-section elementor-top-section elementor-element elementor-element-f4be13a elementor-section-content-middle elementor-section-full_width elementor-reverse-mobile elementor-section-height-default elementor-section-height-default\" data-id=\"f4be13a\" data-element_type=\"section\" data-settings=\"{&quot;background_background&quot;:&quot;classic&quot;}\">\n\t\t\t\t\t\t<div class=\"elementor-container elementor-column-gap-no\">\n\t\t\t\t\t<div class=\"elementor-column elementor-col-50 elementor-top-column elementor-element elementor-element-2b25b6b7\" data-id=\"2b25b6b7\" data-element_type=\"column\">\n\t\t\t<div class=\"elementor-widget-wrap elementor-element-populated\">\n\t\t\t\t\t\t<div class=\"elementor-element elementor-element-f98a0a6 elementor-widget elementor-widget-image\" data-id=\"f98a0a6\" data-element_type=\"widget\" data-widget_type=\"image.default\">\n\t\t\t\t<div class=\"elementor-widget-container\">\n\t\t\t\t\t\t\t\t\t\t\t\t\t\t\t<img decoding=\"async\" width=\"800\" height=\"640\" src=\"https:\/\/kseroplast.pl\/wp-content\/uploads\/2024\/02\/05-7.jpg\" class=\"attachment-large size-large wp-image-13465\" alt=\"\" srcset=\"https:\/\/kseroplast.pl\/wp-content\/uploads\/2024\/02\/05-7.jpg 1000w, https:\/\/kseroplast.pl\/wp-content\/uploads\/2024\/02\/05-7-300x240.jpg 300w, https:\/\/kseroplast.pl\/wp-content\/uploads\/2024\/02\/05-7-768x614.jpg 768w, https:\/\/kseroplast.pl\/wp-content\/uploads\/2024\/02\/05-7-15x12.jpg 15w\" sizes=\"(max-width: 800px) 100vw, 800px\" \/>\t\t\t\t\t\t\t\t\t\t\t\t\t\t\t<\/div>\n\t\t\t\t<\/div>\n\t\t\t\t\t<\/div>\n\t\t<\/div>\n\t\t\t\t<div class=\"elementor-column elementor-col-50 elementor-top-column elementor-element elementor-element-685a869a\" data-id=\"685a869a\" data-element_type=\"column\">\n\t\t\t<div class=\"elementor-widget-wrap elementor-element-populated\">\n\t\t\t\t\t\t<div class=\"elementor-element elementor-element-11ce7a61 elementor-widget elementor-widget-text-editor\" data-id=\"11ce7a61\" data-element_type=\"widget\" data-widget_type=\"text-editor.default\">\n\t\t\t\t<div class=\"elementor-widget-container\">\n\t\t\t\t\t\t\t\t\t<p>Si tratta di un tipo di espositore pubblicitario che pu\u00f2 essere utilizzato in una variet\u00e0 di luoghi come bancarelle, negozi, centri commerciali o luoghi pubblici per attirare l'attenzione dei clienti o dei visitatori.<\/p>\t\t\t\t\t\t\t\t<\/div>\n\t\t\t\t<\/div>\n\t\t\t\t\t<\/div>\n\t\t<\/div>\n\t\t\t\t\t<\/div>\n\t\t<\/section>\n\t\t\t\t<section class=\"elementor-section elementor-top-section elementor-element elementor-element-43e8f276 elementor-section-content-middle elementor-section-full_width elementor-section-height-default elementor-section-height-default\" data-id=\"43e8f276\" data-element_type=\"section\" data-settings=\"{&quot;background_background&quot;:&quot;classic&quot;}\">\n\t\t\t\t\t\t<div class=\"elementor-container elementor-column-gap-no\">\n\t\t\t\t\t<div class=\"elementor-column elementor-col-50 elementor-top-column elementor-element elementor-element-61f3c699\" data-id=\"61f3c699\" data-element_type=\"column\">\n\t\t\t<div class=\"elementor-widget-wrap elementor-element-populated\">\n\t\t\t\t\t\t<div class=\"elementor-element elementor-element-409152f8 elementor-widget elementor-widget-text-editor\" data-id=\"409152f8\" data-element_type=\"widget\" data-widget_type=\"text-editor.default\">\n\t\t\t\t<div class=\"elementor-widget-container\">\n\t\t\t\t\t\t\t\t\t<p class=\"translation-block\">I lightbox tessili sono spesso leggeri, facili da trasportare <br>e possono essere personalizzati per dimensioni <br>e forme diverse, il che li rende una scelta popolare nel settore pubblicitario.<\/p>\t\t\t\t\t\t\t\t<\/div>\n\t\t\t\t<\/div>\n\t\t\t\t\t<\/div>\n\t\t<\/div>\n\t\t\t\t<div class=\"elementor-column elementor-col-50 elementor-top-column elementor-element elementor-element-496dddcf\" data-id=\"496dddcf\" data-element_type=\"column\">\n\t\t\t<div class=\"elementor-widget-wrap elementor-element-populated\">\n\t\t\t\t\t\t<div class=\"elementor-element elementor-element-4909561a elementor-widget elementor-widget-image\" data-id=\"4909561a\" data-element_type=\"widget\" data-widget_type=\"image.default\">\n\t\t\t\t<div class=\"elementor-widget-container\">\n\t\t\t\t\t\t\t\t\t\t\t\t\t\t\t<img loading=\"lazy\" decoding=\"async\" width=\"800\" height=\"640\" src=\"https:\/\/kseroplast.pl\/wp-content\/uploads\/2024\/02\/07-8.jpg\" class=\"attachment-large size-large wp-image-13467\" alt=\"\" srcset=\"https:\/\/kseroplast.pl\/wp-content\/uploads\/2024\/02\/07-8.jpg 1000w, https:\/\/kseroplast.pl\/wp-content\/uploads\/2024\/02\/07-8-300x240.jpg 300w, https:\/\/kseroplast.pl\/wp-content\/uploads\/2024\/02\/07-8-768x614.jpg 768w, https:\/\/kseroplast.pl\/wp-content\/uploads\/2024\/02\/07-8-15x12.jpg 15w\" sizes=\"(max-width: 800px) 100vw, 800px\" \/>\t\t\t\t\t\t\t\t\t\t\t\t\t\t\t<\/div>\n\t\t\t\t<\/div>\n\t\t\t\t\t<\/div>\n\t\t<\/div>\n\t\t\t\t\t<\/div>\n\t\t<\/section>\n\t\t\t\t<section class=\"elementor-section elementor-top-section elementor-element elementor-element-25a6ecd5 elementor-section-content-middle elementor-section-boxed elementor-section-height-default elementor-section-height-default\" data-id=\"25a6ecd5\" data-element_type=\"section\">\n\t\t\t\t\t\t<div class=\"elementor-container elementor-column-gap-no\">\n\t\t\t\t\t<div class=\"elementor-column elementor-col-100 elementor-top-column elementor-element elementor-element-6c7505f3\" data-id=\"6c7505f3\" data-element_type=\"column\">\n\t\t\t<div class=\"elementor-widget-wrap elementor-element-populated\">\n\t\t\t\t\t\t<div class=\"elementor-element elementor-element-349e4391 gallery-spacing-custom elementor-widget elementor-widget-image-gallery\" data-id=\"349e4391\" data-element_type=\"widget\" data-widget_type=\"image-gallery.default\">\n\t\t\t\t<div class=\"elementor-widget-container\">\n\t\t\t\t\t\t\t<div class=\"elementor-image-gallery\">\n\t\t\t<div id='gallery-1' class='gallery galleryid-13189 gallery-columns-3 gallery-size-full'><figure class='gallery-item'>\n\t\t\t<div class='gallery-icon landscape'>\n\t\t\t\t<a data-elementor-open-lightbox=\"yes\" data-elementor-lightbox-slideshow=\"349e4391\" data-elementor-lightbox-title=\"08\" data-e-action-hash=\"#elementor-action%3Aaction%3Dlightbox%26settings%3DeyJpZCI6MTM0NjgsInVybCI6Imh0dHBzOlwvXC9rc2Vyb3BsYXN0LnBsXC93cC1jb250ZW50XC91cGxvYWRzXC8yMDI0XC8wMlwvMDgtNi5qcGciLCJzbGlkZXNob3ciOiIzNDllNDM5MSJ9\" href='https:\/\/kseroplast.pl\/wp-content\/uploads\/2024\/02\/08-6.jpg'><img loading=\"lazy\" decoding=\"async\" width=\"1000\" height=\"800\" src=\"https:\/\/kseroplast.pl\/wp-content\/uploads\/2024\/02\/08-6.jpg\" class=\"attachment-full size-full\" alt=\"\" srcset=\"https:\/\/kseroplast.pl\/wp-content\/uploads\/2024\/02\/08-6.jpg 1000w, https:\/\/kseroplast.pl\/wp-content\/uploads\/2024\/02\/08-6-300x240.jpg 300w, https:\/\/kseroplast.pl\/wp-content\/uploads\/2024\/02\/08-6-768x614.jpg 768w, https:\/\/kseroplast.pl\/wp-content\/uploads\/2024\/02\/08-6-15x12.jpg 15w\" sizes=\"(max-width: 1000px) 100vw, 1000px\" \/><\/a>\n\t\t\t<\/div><\/figure><figure class='gallery-item'>\n\t\t\t<div class='gallery-icon landscape'>\n\t\t\t\t<a data-elementor-open-lightbox=\"yes\" data-elementor-lightbox-slideshow=\"349e4391\" data-elementor-lightbox-title=\"06\" data-e-action-hash=\"#elementor-action%3Aaction%3Dlightbox%26settings%3DeyJpZCI6MTM0NjYsInVybCI6Imh0dHBzOlwvXC9rc2Vyb3BsYXN0LnBsXC93cC1jb250ZW50XC91cGxvYWRzXC8yMDI0XC8wMlwvMDYtNy5qcGciLCJzbGlkZXNob3ciOiIzNDllNDM5MSJ9\" href='https:\/\/kseroplast.pl\/wp-content\/uploads\/2024\/02\/06-7.jpg'><img loading=\"lazy\" decoding=\"async\" width=\"1000\" height=\"800\" src=\"https:\/\/kseroplast.pl\/wp-content\/uploads\/2024\/02\/06-7.jpg\" class=\"attachment-full size-full\" alt=\"\" srcset=\"https:\/\/kseroplast.pl\/wp-content\/uploads\/2024\/02\/06-7.jpg 1000w, https:\/\/kseroplast.pl\/wp-content\/uploads\/2024\/02\/06-7-300x240.jpg 300w, https:\/\/kseroplast.pl\/wp-content\/uploads\/2024\/02\/06-7-768x614.jpg 768w, https:\/\/kseroplast.pl\/wp-content\/uploads\/2024\/02\/06-7-15x12.jpg 15w\" sizes=\"(max-width: 1000px) 100vw, 1000px\" \/><\/a>\n\t\t\t<\/div><\/figure><figure class='gallery-item'>\n\t\t\t<div class='gallery-icon landscape'>\n\t\t\t\t<a data-elementor-open-lightbox=\"yes\" data-elementor-lightbox-slideshow=\"349e4391\" data-elementor-lightbox-title=\"05\" data-e-action-hash=\"#elementor-action%3Aaction%3Dlightbox%26settings%3DeyJpZCI6MTM0NjUsInVybCI6Imh0dHBzOlwvXC9rc2Vyb3BsYXN0LnBsXC93cC1jb250ZW50XC91cGxvYWRzXC8yMDI0XC8wMlwvMDUtNy5qcGciLCJzbGlkZXNob3ciOiIzNDllNDM5MSJ9\" href='https:\/\/kseroplast.pl\/wp-content\/uploads\/2024\/02\/05-7.jpg'><img loading=\"lazy\" decoding=\"async\" width=\"1000\" height=\"800\" src=\"https:\/\/kseroplast.pl\/wp-content\/uploads\/2024\/02\/05-7.jpg\" class=\"attachment-full size-full\" alt=\"\" srcset=\"https:\/\/kseroplast.pl\/wp-content\/uploads\/2024\/02\/05-7.jpg 1000w, https:\/\/kseroplast.pl\/wp-content\/uploads\/2024\/02\/05-7-300x240.jpg 300w, https:\/\/kseroplast.pl\/wp-content\/uploads\/2024\/02\/05-7-768x614.jpg 768w, https:\/\/kseroplast.pl\/wp-content\/uploads\/2024\/02\/05-7-15x12.jpg 15w\" sizes=\"(max-width: 1000px) 100vw, 1000px\" \/><\/a>\n\t\t\t<\/div><\/figure><figure class='gallery-item'>\n\t\t\t<div class='gallery-icon landscape'>\n\t\t\t\t<a data-elementor-open-lightbox=\"yes\" data-elementor-lightbox-slideshow=\"349e4391\" data-elementor-lightbox-title=\"04\" data-e-action-hash=\"#elementor-action%3Aaction%3Dlightbox%26settings%3DeyJpZCI6MTM0NjQsInVybCI6Imh0dHBzOlwvXC9rc2Vyb3BsYXN0LnBsXC93cC1jb250ZW50XC91cGxvYWRzXC8yMDI0XC8wMlwvMDQtOC5qcGciLCJzbGlkZXNob3ciOiIzNDllNDM5MSJ9\" href='https:\/\/kseroplast.pl\/wp-content\/uploads\/2024\/02\/04-8.jpg'><img loading=\"lazy\" decoding=\"async\" width=\"1000\" height=\"800\" src=\"https:\/\/kseroplast.pl\/wp-content\/uploads\/2024\/02\/04-8.jpg\" class=\"attachment-full size-full\" alt=\"\" srcset=\"https:\/\/kseroplast.pl\/wp-content\/uploads\/2024\/02\/04-8.jpg 1000w, https:\/\/kseroplast.pl\/wp-content\/uploads\/2024\/02\/04-8-300x240.jpg 300w, https:\/\/kseroplast.pl\/wp-content\/uploads\/2024\/02\/04-8-768x614.jpg 768w, https:\/\/kseroplast.pl\/wp-content\/uploads\/2024\/02\/04-8-15x12.jpg 15w\" sizes=\"(max-width: 1000px) 100vw, 1000px\" \/><\/a>\n\t\t\t<\/div><\/figure><figure class='gallery-item'>\n\t\t\t<div class='gallery-icon landscape'>\n\t\t\t\t<a data-elementor-open-lightbox=\"yes\" data-elementor-lightbox-slideshow=\"349e4391\" data-elementor-lightbox-title=\"01\" data-e-action-hash=\"#elementor-action%3Aaction%3Dlightbox%26settings%3DeyJpZCI6MTM0NjEsInVybCI6Imh0dHBzOlwvXC9rc2Vyb3BsYXN0LnBsXC93cC1jb250ZW50XC91cGxvYWRzXC8yMDI0XC8wMlwvMDEtMTUuanBnIiwic2xpZGVzaG93IjoiMzQ5ZTQzOTEifQ%3D%3D\" href='https:\/\/kseroplast.pl\/wp-content\/uploads\/2024\/02\/01-15.jpg'><img loading=\"lazy\" decoding=\"async\" width=\"1000\" height=\"800\" src=\"https:\/\/kseroplast.pl\/wp-content\/uploads\/2024\/02\/01-15.jpg\" class=\"attachment-full size-full\" alt=\"\" srcset=\"https:\/\/kseroplast.pl\/wp-content\/uploads\/2024\/02\/01-15.jpg 1000w, https:\/\/kseroplast.pl\/wp-content\/uploads\/2024\/02\/01-15-300x240.jpg 300w, https:\/\/kseroplast.pl\/wp-content\/uploads\/2024\/02\/01-15-768x614.jpg 768w, https:\/\/kseroplast.pl\/wp-content\/uploads\/2024\/02\/01-15-15x12.jpg 15w\" sizes=\"(max-width: 1000px) 100vw, 1000px\" \/><\/a>\n\t\t\t<\/div><\/figure><figure class='gallery-item'>\n\t\t\t<div class='gallery-icon landscape'>\n\t\t\t\t<a data-elementor-open-lightbox=\"yes\" data-elementor-lightbox-slideshow=\"349e4391\" data-elementor-lightbox-title=\"03\" data-e-action-hash=\"#elementor-action%3Aaction%3Dlightbox%26settings%3DeyJpZCI6MTM0NjMsInVybCI6Imh0dHBzOlwvXC9rc2Vyb3BsYXN0LnBsXC93cC1jb250ZW50XC91cGxvYWRzXC8yMDI0XC8wMlwvMDMtMTAuanBnIiwic2xpZGVzaG93IjoiMzQ5ZTQzOTEifQ%3D%3D\" href='https:\/\/kseroplast.pl\/wp-content\/uploads\/2024\/02\/03-10.jpg'><img loading=\"lazy\" decoding=\"async\" width=\"1000\" height=\"800\" src=\"https:\/\/kseroplast.pl\/wp-content\/uploads\/2024\/02\/03-10.jpg\" class=\"attachment-full size-full\" alt=\"\" srcset=\"https:\/\/kseroplast.pl\/wp-content\/uploads\/2024\/02\/03-10.jpg 1000w, https:\/\/kseroplast.pl\/wp-content\/uploads\/2024\/02\/03-10-300x240.jpg 300w, https:\/\/kseroplast.pl\/wp-content\/uploads\/2024\/02\/03-10-768x614.jpg 768w, https:\/\/kseroplast.pl\/wp-content\/uploads\/2024\/02\/03-10-15x12.jpg 15w\" sizes=\"(max-width: 1000px) 100vw, 1000px\" \/><\/a>\n\t\t\t<\/div><\/figure><figure class='gallery-item'>\n\t\t\t<div class='gallery-icon landscape'>\n\t\t\t\t<a data-elementor-open-lightbox=\"yes\" data-elementor-lightbox-slideshow=\"349e4391\" data-elementor-lightbox-title=\"07\" data-e-action-hash=\"#elementor-action%3Aaction%3Dlightbox%26settings%3DeyJpZCI6MTM0NjcsInVybCI6Imh0dHBzOlwvXC9rc2Vyb3BsYXN0LnBsXC93cC1jb250ZW50XC91cGxvYWRzXC8yMDI0XC8wMlwvMDctOC5qcGciLCJzbGlkZXNob3ciOiIzNDllNDM5MSJ9\" href='https:\/\/kseroplast.pl\/wp-content\/uploads\/2024\/02\/07-8.jpg'><img loading=\"lazy\" decoding=\"async\" width=\"1000\" height=\"800\" src=\"https:\/\/kseroplast.pl\/wp-content\/uploads\/2024\/02\/07-8.jpg\" class=\"attachment-full size-full\" alt=\"\" srcset=\"https:\/\/kseroplast.pl\/wp-content\/uploads\/2024\/02\/07-8.jpg 1000w, https:\/\/kseroplast.pl\/wp-content\/uploads\/2024\/02\/07-8-300x240.jpg 300w, https:\/\/kseroplast.pl\/wp-content\/uploads\/2024\/02\/07-8-768x614.jpg 768w, https:\/\/kseroplast.pl\/wp-content\/uploads\/2024\/02\/07-8-15x12.jpg 15w\" sizes=\"(max-width: 1000px) 100vw, 1000px\" \/><\/a>\n\t\t\t<\/div><\/figure><figure class='gallery-item'>\n\t\t\t<div class='gallery-icon landscape'>\n\t\t\t\t<a data-elementor-open-lightbox=\"yes\" data-elementor-lightbox-slideshow=\"349e4391\" data-elementor-lightbox-title=\"02\" data-e-action-hash=\"#elementor-action%3Aaction%3Dlightbox%26settings%3DeyJpZCI6MTM0NjIsInVybCI6Imh0dHBzOlwvXC9rc2Vyb3BsYXN0LnBsXC93cC1jb250ZW50XC91cGxvYWRzXC8yMDI0XC8wMlwvMDItOC5qcGciLCJzbGlkZXNob3ciOiIzNDllNDM5MSJ9\" href='https:\/\/kseroplast.pl\/wp-content\/uploads\/2024\/02\/02-8.jpg'><img loading=\"lazy\" decoding=\"async\" width=\"1000\" height=\"800\" src=\"https:\/\/kseroplast.pl\/wp-content\/uploads\/2024\/02\/02-8.jpg\" class=\"attachment-full size-full\" alt=\"\" srcset=\"https:\/\/kseroplast.pl\/wp-content\/uploads\/2024\/02\/02-8.jpg 1000w, https:\/\/kseroplast.pl\/wp-content\/uploads\/2024\/02\/02-8-300x240.jpg 300w, https:\/\/kseroplast.pl\/wp-content\/uploads\/2024\/02\/02-8-768x614.jpg 768w, https:\/\/kseroplast.pl\/wp-content\/uploads\/2024\/02\/02-8-15x12.jpg 15w\" sizes=\"(max-width: 1000px) 100vw, 1000px\" \/><\/a>\n\t\t\t<\/div><\/figure><figure class='gallery-item'>\n\t\t\t<div class='gallery-icon landscape'>\n\t\t\t\t<a data-elementor-open-lightbox=\"yes\" data-elementor-lightbox-slideshow=\"349e4391\" data-elementor-lightbox-title=\"09\" data-e-action-hash=\"#elementor-action%3Aaction%3Dlightbox%26settings%3DeyJpZCI6MTM2OTksInVybCI6Imh0dHBzOlwvXC9rc2Vyb3BsYXN0LnBsXC93cC1jb250ZW50XC91cGxvYWRzXC8yMDI0XC8wM1wvMDkuanBnIiwic2xpZGVzaG93IjoiMzQ5ZTQzOTEifQ%3D%3D\" href='https:\/\/kseroplast.pl\/wp-content\/uploads\/2024\/03\/09.jpg'><img loading=\"lazy\" decoding=\"async\" width=\"1000\" height=\"800\" src=\"https:\/\/kseroplast.pl\/wp-content\/uploads\/2024\/03\/09.jpg\" class=\"attachment-full size-full\" alt=\"\" srcset=\"https:\/\/kseroplast.pl\/wp-content\/uploads\/2024\/03\/09.jpg 1000w, https:\/\/kseroplast.pl\/wp-content\/uploads\/2024\/03\/09-300x240.jpg 300w, https:\/\/kseroplast.pl\/wp-content\/uploads\/2024\/03\/09-768x614.jpg 768w, https:\/\/kseroplast.pl\/wp-content\/uploads\/2024\/03\/09-15x12.jpg 15w\" sizes=\"(max-width: 1000px) 100vw, 1000px\" \/><\/a>\n\t\t\t<\/div><\/figure>\n\t\t<\/div>\n\t\t<\/div>\n\t\t\t\t\t\t<\/div>\n\t\t\t\t<\/div>\n\t\t\t\t\t<\/div>\n\t\t<\/div>\n\t\t\t\t\t<\/div>\n\t\t<\/section>\n\t\t\t\t<\/div>","protected":false},"excerpt":{"rendered":"<p>Lightbox tessili Un lightbox tessile \u00e8 un tipo di strumento di marketing pubblicitario che...<\/p>\n<p> <a class=\"more-link\" href=\"https:\/\/kseroplast.pl\/it\/lightboxy-tekstylne\/\">Leggi tutto<\/a><\/p>","protected":false},"author":1,"featured_media":0,"parent":0,"menu_order":0,"comment_status":"closed","ping_status":"closed","template":"","meta":{"footnotes":""},"class_list":["post-13189","page","type-page","status-publish"],"_links":{"self":[{"href":"https:\/\/kseroplast.pl\/it\/wp-json\/wp\/v2\/pages\/13189","targetHints":{"allow":["GET"]}}],"collection":[{"href":"https:\/\/kseroplast.pl\/it\/wp-json\/wp\/v2\/pages"}],"about":[{"href":"https:\/\/kseroplast.pl\/it\/wp-json\/wp\/v2\/types\/page"}],"author":[{"embeddable":true,"href":"https:\/\/kseroplast.pl\/it\/wp-json\/wp\/v2\/users\/1"}],"replies":[{"embeddable":true,"href":"https:\/\/kseroplast.pl\/it\/wp-json\/wp\/v2\/comments?post=13189"}],"version-history":[{"count":28,"href":"https:\/\/kseroplast.pl\/it\/wp-json\/wp\/v2\/pages\/13189\/revisions"}],"predecessor-version":[{"id":13703,"href":"https:\/\/kseroplast.pl\/it\/wp-json\/wp\/v2\/pages\/13189\/revisions\/13703"}],"wp:attachment":[{"href":"https:\/\/kseroplast.pl\/it\/wp-json\/wp\/v2\/media?parent=13189"}],"curies":[{"name":"wp","href":"https:\/\/api.w.org\/{rel}","templated":true}]}}